{"id":8856,"date":"2023-06-08T09:33:51","date_gmt":"2023-06-08T09:33:51","guid":{"rendered":"https:\/\/www.phcentrum.cz\/?page_id=8856"},"modified":"2026-04-22T10:40:01","modified_gmt":"2026-04-22T10:40:01","slug":"kreativita","status":"publish","type":"page","link":"https:\/\/www.phcentrum.cz\/index.php\/cenik\/kreativita\/","title":{"rendered":"Kreativita"},"content":{"rendered":"\n<figure class=\"wp-block-table is-style-stripes\"><table><tbody><tr><td><strong>Ozna\u010den\u00ed<\/strong><\/td><td><strong>N\u00e1zev<\/strong><\/td><td><strong>mjp<\/strong><\/td><td><strong>Cena bez DPH<\/strong><\/td><\/tr><tr><td>404200<\/td><td>Tavn\u00e1 pistole<\/td><td>ks<\/td><td>237,00<\/td><\/tr><tr><td><\/td><td><\/td><td><\/td><td><\/td><\/tr><tr><td>404203<\/td><td>Tavn\u00e9 ty\u010dinky 7mm \/25x<\/td><td>ks<\/td><td>95,00<\/td><\/tr><tr><td><\/td><td><\/td><td><\/td><td><\/td><\/tr><tr><td>404206<\/td><td>Tavn\u00e9 ty\u010dinky 7mm dlouh\u00e9 \/25x<\/td><td>ks<\/td><td>103,00<\/td><\/tr><tr><td><\/td><td><\/td><td><\/td><td><\/td><\/tr><tr><td>404215<\/td><td>Tavn\u00e9 ty\u010dinky 11mm \/10x<\/td><td>ks<\/td><td>68,00<\/td><\/tr><tr><td>&nbsp;<\/td><td>&nbsp;<\/td><td>&nbsp;<\/td><td>&nbsp;<\/td><\/tr><tr><td>404217<\/td><td>Tavn\u00e9 ty\u010dinky 11mm dlouh\u00e9 \/5x<\/td><td>ks<\/td><td>33,00<\/td><\/tr><tr><td>&nbsp;<\/td><td>&nbsp;<\/td><td>&nbsp;<\/td><td>&nbsp;<\/td><\/tr><tr><td>570027<\/td><td>P\u0159\u00edv\u011bsek na kl\u00ed\u010de &#8211; Lu\u0161t\u011bniny<\/td><td>ks<\/td><td>25,00<\/td><\/tr><tr><td>&nbsp;<\/td><td>&nbsp;<\/td><td>&nbsp;<\/td><td>&nbsp;<\/td><\/tr><tr><td>570029<\/td><td>P\u0159\u00edv\u011bsek na kl\u00ed\u010de &#8211; tvary mix<\/td><td>ks<\/td><td>15,00<\/td><\/tr><tr><td>&nbsp;<\/td><td>&nbsp;<\/td><td>&nbsp;<\/td><td>&nbsp;<\/td><\/tr><tr><td>570036<\/td><td>JOJO plastov\u00e9 &#8211; sv\u00edt\u00edc\u00ed<\/td><td>ks<\/td><td>24,50<\/td><\/tr><tr><td>&nbsp;<\/td><td>&nbsp;<\/td><td>&nbsp;<\/td><td>&nbsp;<\/td><\/tr><tr><td>570043<\/td><td>Kostka d\u0159ev\u011bn\u00e1<\/td><td>ks<\/td><td>36,00<\/td><\/tr><tr><td>&nbsp;<\/td><td>&nbsp;<\/td><td>&nbsp;<\/td><td>&nbsp;<\/td><\/tr><tr><td>570045<\/td><td>Kostka d\u0159ev\u011bn\u00e1 barevn\u00e1<\/td><td>ks<\/td><td>41,00<\/td><\/tr><tr><td>&nbsp;<\/td><td>&nbsp;<\/td><td>&nbsp;<\/td><td>&nbsp;<\/td><\/tr><tr><td>570048<\/td><td>Hop\u00edk 32mm<\/td><td>ks<\/td><td>7,00<\/td><\/tr><tr><td>&nbsp;<\/td><td>&nbsp;<\/td><td>&nbsp;<\/td><td>&nbsp;<\/td><\/tr><tr><td>570049<\/td><td>Hop\u00edk 27mm<\/td><td>ks<\/td><td>5,00<\/td><\/tr><tr><td>&nbsp;<\/td><td>&nbsp;<\/td><td>&nbsp;<\/td><td>&nbsp;<\/td><\/tr><tr><td>570090<\/td><td>Kol\u00ed\u010dek d\u0159ev\u011bn\u00fd s obr\u00e1zkem<\/td><td>ks<\/td><td>5,00<\/td><\/tr><tr><td>&nbsp;<\/td><td>&nbsp;<\/td><td>&nbsp;<\/td><td>&nbsp;<\/td><\/tr><tr><td>570315<\/td><td>Raz\u00edtko samobarv\u00edc\u00ed<\/td><td>ks<\/td><td>7,00<\/td><\/tr><tr><td>&nbsp;<\/td><td>&nbsp;<\/td><td>&nbsp;<\/td><td>&nbsp;<\/td><\/tr><tr><td>570500<\/td><td>Karty &#8211; \u010cern\u00fd Petr<\/td><td>ks<\/td><td>43,00<\/td><\/tr><tr><td><\/td><td><\/td><td><\/td><td><\/td><\/tr><tr><td>570501<\/td><td>Karty &#8211; Kvarteto<\/td><td>ks<\/td><td>43,00<\/td><\/tr><tr><td><\/td><td><\/td><td><\/td><td><\/td><\/tr><tr><td>570502<\/td><td>Karty &#8211; Mari\u00e1\u0161 jednohlav\u00fd<\/td><td>ks<\/td><td>51,00<\/td><\/tr><tr><td><\/td><td><\/td><td><\/td><td><\/td><\/tr><tr><td>570503<\/td><td>Karty &#8211; Mari\u00e1\u0161 d\u011btsk\u00fd<\/td><td>ks<\/td><td>40,00<\/td><\/tr><tr><td><\/td><td><\/td><td><\/td><td><\/td><\/tr><tr><td>570504<\/td><td>Karty &#8211; Canasta<\/td><td>ks<\/td><td>99,90<\/td><\/tr><tr><td><\/td><td><\/td><td><\/td><td><\/td><\/tr><\/tbody><\/table><\/figure>\n","protected":false},"excerpt":{"rendered":"<p>Ozna\u010den\u00ed N\u00e1zev mjp Cena bez DPH 404200 Tavn\u00e1 pistole ks 237,00 404203 Tavn\u00e9 ty\u010dinky 7mm \/25x ks 95,00 404206 Tavn\u00e9<\/p>\n","protected":false},"author":1,"featured_media":0,"parent":278,"menu_order":0,"comment_status":"closed","ping_status":"closed","template":"","meta":{"colormag_page_container_layout":"default_layout","colormag_page_sidebar_layout":"default_layout","footnotes":""},"class_list":["post-8856","page","type-page","status-publish","hentry"],"_links":{"self":[{"href":"https:\/\/www.phcentrum.cz\/index.php\/wp-json\/wp\/v2\/pages\/8856","targetHints":{"allow":["GET"]}}],"collection":[{"href":"https:\/\/www.phcentrum.cz\/index.php\/wp-json\/wp\/v2\/pages"}],"about":[{"href":"https:\/\/www.phcentrum.cz\/index.php\/wp-json\/wp\/v2\/types\/page"}],"author":[{"embeddable":true,"href":"https:\/\/www.phcentrum.cz\/index.php\/wp-json\/wp\/v2\/users\/1"}],"replies":[{"embeddable":true,"href":"https:\/\/www.phcentrum.cz\/index.php\/wp-json\/wp\/v2\/comments?post=8856"}],"version-history":[{"count":7,"href":"https:\/\/www.phcentrum.cz\/index.php\/wp-json\/wp\/v2\/pages\/8856\/revisions"}],"predecessor-version":[{"id":36165,"href":"https:\/\/www.phcentrum.cz\/index.php\/wp-json\/wp\/v2\/pages\/8856\/revisions\/36165"}],"up":[{"embeddable":true,"href":"https:\/\/www.phcentrum.cz\/index.php\/wp-json\/wp\/v2\/pages\/278"}],"wp:attachment":[{"href":"https:\/\/www.phcentrum.cz\/index.php\/wp-json\/wp\/v2\/media?parent=8856"}],"curies":[{"name":"wp","href":"https:\/\/api.w.org\/{rel}","templated":true}]}}