{"id":378,"date":"2018-11-17T12:43:32","date_gmt":"2018-11-17T12:43:32","guid":{"rendered":"http:\/\/www.phcentrum.cz\/?page_id=378"},"modified":"2026-04-22T10:12:32","modified_gmt":"2026-04-22T10:12:32","slug":"popisovace-znackovace-a-zvyraznovace","status":"publish","type":"page","link":"https:\/\/www.phcentrum.cz\/index.php\/cenik\/popisovace-znackovace-a-zvyraznovace\/","title":{"rendered":"Popisova\u010de, zna\u010dkova\u010de a zv\u00fdraz\u0148ova\u010de"},"content":{"rendered":"\n<figure class=\"wp-block-table is-style-stripes\"><table><tbody><tr><td><strong>Ozna\u010den\u00ed<\/strong><\/td><td><strong>N\u00e1zev<\/strong><\/td><td><strong>mjp<\/strong><\/td><td><strong>Cena bez DPH<\/strong><\/td><\/tr><tr><td>400600<\/td><td>Popisova\u010d 2811 liner 0,3<\/td><td>ks<\/td><td>9,00<\/td><\/tr><tr><td>&nbsp;<\/td><td>&nbsp;<\/td><td>&nbsp;<\/td><td>&nbsp;<\/td><\/tr><tr><td>400605<\/td><td>Popisova\u010d 2521 liner sada 12 barev<\/td><td>sada<\/td><td>74,90<\/td><\/tr><tr><td>&nbsp;<\/td><td>&nbsp;<\/td><td>&nbsp;<\/td><td>&nbsp;<\/td><\/tr><tr><td>400615<\/td><td>Popisova\u010d 2631 0,1-0,7mm<\/td><td>ks<\/td><td>21,90<\/td><\/tr><tr><td><\/td><td><\/td><td><\/td><td><\/td><\/tr><tr><td>400629<\/td><td>Roller 2061 Pilot Clicker&nbsp; 0,7<\/td><td>ks<\/td><td>64,00<\/td><\/tr><tr><td>&nbsp;<\/td><td>&nbsp;<\/td><td>&nbsp;<\/td><td>&nbsp;<\/td><\/tr><tr><td>400630<\/td><td>Roller 2064&nbsp; PILOT&nbsp; 0,7<\/td><td>ks<\/td><td>53,00<\/td><\/tr><tr><td>&nbsp;<\/td><td>&nbsp;<\/td><td>&nbsp;<\/td><td>&nbsp;<\/td><\/tr><tr><td>400631<\/td><td>Popisova\u010d 4615 roller 0,3<\/td><td>ks<\/td><td>13,90<\/td><\/tr><tr><td>&nbsp;<\/td><td>&nbsp;<\/td><td>&nbsp;<\/td><td>&nbsp;<\/td><\/tr><tr><td>400660<\/td><td>Popisova\u010d 2846 permanent<\/td><td>ks<\/td><td>7,80<\/td><\/tr><tr><td>&nbsp;<\/td><td>&nbsp;<\/td><td>&nbsp;<\/td><td>&nbsp;<\/td><\/tr><tr><td>400664<\/td><td>Zna\u010dkova\u010d 8566 permanent<\/td><td>ks<\/td><td>14,95<\/td><\/tr><tr><td>&nbsp;<\/td><td>&nbsp;<\/td><td>&nbsp;<\/td><td>&nbsp;<\/td><\/tr><tr><td>400666<\/td><td>Zna\u010dkova\u010d 8576 kl.hrot<\/td><td>ks<\/td><td>16,99<\/td><\/tr><tr><td>&nbsp;<\/td><td>&nbsp;<\/td><td>&nbsp;<\/td><td>&nbsp;<\/td><\/tr><tr><td>400701<\/td><td>Zna\u010dkova\u010d 8550 klip. sada<\/td><td>ks<\/td><td>45,00<\/td><\/tr><tr><td><\/td><td><\/td><td><\/td><td><\/td><\/tr><tr><td>400703<\/td><td>Zna\u010dkova\u010d 8560 sada<\/td><td>ks<\/td><td>48,00<\/td><\/tr><tr><td><\/td><td><\/td><td><\/td><td><\/td><\/tr><tr><td>400706<\/td><td>Zna\u010dkova\u010d 8559 st\u00edrac\u00ed<\/td><td>ks<\/td><td>17,50<\/td><\/tr><tr><td>&nbsp;<\/td><td>&nbsp;<\/td><td>&nbsp;<\/td><td>&nbsp;<\/td><\/tr><tr><td>400707<\/td><td>Zna\u010dkova\u010d 8559 st\u00edrac\u00ed \/sada<\/td><td>sada<\/td><td>66,00<\/td><\/tr><tr><td>&nbsp;<\/td><td>&nbsp;<\/td><td>&nbsp;<\/td><td>&nbsp;<\/td><\/tr><tr><td>400709<\/td><td>Popisova\u010d 2507 na tabulky<\/td><td>ks<\/td><td>9,90<\/td><\/tr><tr><td>&nbsp;<\/td><td>&nbsp;<\/td><td>&nbsp;<\/td><td>&nbsp;<\/td><\/tr><tr><td>400710<\/td><td>Popisova\u010d 2507 &#8211; sada 6 barev<\/td><td>ks<\/td><td>57,00<\/td><\/tr><tr><td>&nbsp;<\/td><td>&nbsp;<\/td><td>&nbsp;<\/td><td>&nbsp;<\/td><\/tr><tr><td>400730<\/td><td>Popisova\u010d 2634 S 0,3mm<\/td><td>ks<\/td><td>13,90<\/td><\/tr><tr><td>&nbsp;<\/td><td>&nbsp;<\/td><td>&nbsp;<\/td><td>&nbsp;<\/td><\/tr><tr><td>400731<\/td><td>Popisova\u010d 2636 F 0,6mm<\/td><td>ks<\/td><td>13,70<\/td><\/tr><tr><td>&nbsp;<\/td><td>&nbsp;<\/td><td>&nbsp;<\/td><td>&nbsp;<\/td><\/tr><tr><td>400733<\/td><td>Popisova\u010d 2637 M 1mm<\/td><td>ks<\/td><td>11,90<\/td><\/tr><tr><td>&nbsp;<\/td><td>&nbsp;<\/td><td>&nbsp;<\/td><td>&nbsp;<\/td><\/tr><tr><td>400735<\/td><td>Popisova\u010d 2638 B 1-3mm<\/td><td>ks<\/td><td>10,90<\/td><\/tr><tr><td>&nbsp;<\/td><td>&nbsp;<\/td><td>&nbsp;<\/td><td>&nbsp;<\/td><\/tr><tr><td>400757<\/td><td>Popisova\u010d 2686 permanent b\u00edl\u00fd<\/td><td>ks<\/td><td>23,90<\/td><\/tr><tr><td>&nbsp;<\/td><td>&nbsp;<\/td><td>&nbsp;<\/td><td>&nbsp;<\/td><\/tr><tr><td>400758<\/td><td>Popisova\u010d 8586 permanent b\u00edl\u00fd<\/td><td>ks<\/td><td>24,90<\/td><\/tr><tr><td>&nbsp;<\/td><td>&nbsp;<\/td><td>&nbsp;<\/td><td>&nbsp;<\/td><\/tr><tr><td>400783<\/td><td>Zna\u010dkova\u010d 2739 sada 6ks textil<\/td><td>ks<\/td><td>55,00<\/td><\/tr><tr><td><\/td><td><\/td><td><\/td><td><\/td><\/tr><tr><td>400784<\/td><td>Zna\u010dkova\u010d 2739 textil<\/td><td>ks<\/td><td>9,80<\/td><\/tr><tr><td>&nbsp;<\/td><td>&nbsp;<\/td><td>&nbsp;<\/td><td>&nbsp;<\/td><\/tr><tr><td>400785<\/td><td>Zna\u010dkova\u010d 2739 \/sada<\/td><td>sada<\/td><td>93,00<\/td><\/tr><tr><td>&nbsp;<\/td><td>&nbsp;<\/td><td>&nbsp;<\/td><td>&nbsp;<\/td><\/tr><tr><td>400790<\/td><td>Popisova\u010d 9100 MARKER lakov\u00fd<\/td><td>ks<\/td><td>61,90<\/td><\/tr><tr><td>&nbsp;<\/td><td>&nbsp;<\/td><td>&nbsp;<\/td><td>&nbsp;<\/td><\/tr><tr><td>400793<\/td><td>Popisova\u010d 2690\/2 &#8211; st\u0159\u00edbn\u00fd+zlat\u00fd<\/td><td>ks<\/td><td>47,00<\/td><\/tr><tr><td>&nbsp;<\/td><td>&nbsp;<\/td><td>&nbsp;<\/td><td>&nbsp;<\/td><\/tr><tr><td>400797<\/td><td>Zna\u010dkova\u010d 9211 lakov\u00fd<\/td><td>ks<\/td><td>57,90<\/td><\/tr><tr><td><\/td><td><\/td><td><\/td><td><\/td><\/tr><tr><td>400806<\/td><td>Zv\u00fdraz\u0148ova\u010d 8722 &#8211; sada 6ks<\/td><td>ks<\/td><td>69,90<\/td><\/tr><tr><td>&nbsp;<\/td><td>&nbsp;<\/td><td>&nbsp;<\/td><td>&nbsp;<\/td><\/tr><tr><td>400807<\/td><td>Zv\u00fdraz\u0148ova\u010d 8722<\/td><td>ks<\/td><td>13,00<\/td><\/tr><tr><td>&nbsp;<\/td><td>&nbsp;<\/td><td>&nbsp;<\/td><td>&nbsp;<\/td><\/tr><tr><td>400809<\/td><td>Zv\u00fdraz\u0148ova\u010d 8542-8552 kl\u00ednov\u00fd hrot<\/td><td>ks<\/td><td>16,70<\/td><\/tr><tr><td>&nbsp;<\/td><td>&nbsp;<\/td><td>&nbsp;<\/td><td>&nbsp;<\/td><\/tr><tr><td>400810<\/td><td>Zv\u00fdraz\u0148ova\u010d 8552 sada<\/td><td>ks<\/td><td>63,90<\/td><\/tr><tr><td>&nbsp;<\/td><td>&nbsp;<\/td><td>&nbsp;<\/td><td>&nbsp;<\/td><\/tr><tr><td>400835<\/td><td>Popisova\u010d 2896\/12 Creative<\/td><td>ks<\/td><td>116,00<\/td><\/tr><tr><td>&nbsp;<\/td><td>&nbsp;<\/td><td>&nbsp;<\/td><td>&nbsp;<\/td><\/tr><tr><td>400839<\/td><td>Popisova\u010d 4775 Torn\u00e1do COOL<\/td><td>ks<\/td><td>23,00<\/td><\/tr><tr><td>&nbsp;<\/td><td>&nbsp;<\/td><td>&nbsp;<\/td><td>&nbsp;<\/td><\/tr><tr><td>400840<\/td><td>Popisova\u010d 2675 torn\u00e1do<\/td><td>ks<\/td><td>18,30<\/td><\/tr><tr><td>&nbsp;<\/td><td>&nbsp;<\/td><td>&nbsp;<\/td><td>&nbsp;<\/td><\/tr><tr><td>400843<\/td><td>Zmiz\u00edk<\/td><td>ks<\/td><td>6,00<\/td><\/tr><tr><td>&nbsp;<\/td><td>&nbsp;<\/td><td>&nbsp;<\/td><td>&nbsp;<\/td><\/tr><tr><td>400844<\/td><td>Korek\u010dn\u00ed popisova\u010d<\/td><td>ks<\/td><td>10,00<\/td><\/tr><tr><td>&nbsp;<\/td><td>&nbsp;<\/td><td>&nbsp;<\/td><td>&nbsp;<\/td><\/tr><tr><td>400848<\/td><td>Popisova\u010d 2738 Dekor pen &#8211; sada<\/td><td>ks<\/td><td>130,00<\/td><\/tr><tr><td>&nbsp;<\/td><td>&nbsp;<\/td><td>&nbsp;<\/td><td>&nbsp;<\/td><\/tr><tr><td>400849<\/td><td>Popisova\u010d DEKOR PEN &#8211; b\u00edl\u00fd + \u010dern\u00fd<\/td><td>ks<\/td><td>40,00<\/td><\/tr><tr><td><\/td><td><\/td><td><\/td><td><\/td><\/tr><tr><td>400850<\/td><td>Popisova\u010d 7550<\/td><td>ks<\/td><td>2,30<\/td><\/tr><tr><td>&nbsp;<\/td><td>&nbsp;<\/td><td>&nbsp;<\/td><td>&nbsp;<\/td><\/tr><tr><td>400852<\/td><td>Popisova\u010d 7550 \/ sada 6ks<\/td><td>sada<\/td><td>14,00<\/td><\/tr><tr><td>&nbsp;<\/td><td>&nbsp;<\/td><td>&nbsp;<\/td><td>&nbsp;<\/td><\/tr><tr><td>400853<\/td><td>Popisova\u010d 7550\/sada 10ks pastelov\u00fd<\/td><td>sada<\/td><td>22,00<\/td><\/tr><tr><td>&nbsp;<\/td><td>&nbsp;<\/td><td>&nbsp;<\/td><td>&nbsp;<\/td><\/tr><tr><td>400854<\/td><td>Popisova\u010d 7550 \/ sada 12ks<\/td><td>sada<\/td><td>26,00<\/td><\/tr><tr><td>&nbsp;<\/td><td>&nbsp;<\/td><td>&nbsp;<\/td><td>&nbsp;<\/td><\/tr><tr><td>400856<\/td><td>Popisova\u010d 7550 \/ sada 24ks<\/td><td>sada<\/td><td>49,90<\/td><\/tr><tr><td>&nbsp;<\/td><td>&nbsp;<\/td><td>&nbsp;<\/td><td>&nbsp;<\/td><\/tr><tr><td>400857<\/td><td>Popisova\u010d 7550 \/ sada 30ks<\/td><td>sada<\/td><td>61,90<\/td><\/tr><tr><td>&nbsp;<\/td><td>&nbsp;<\/td><td>&nbsp;<\/td><td>&nbsp;<\/td><\/tr><tr><td>400900<\/td><td>Tabulka 7719 + 2 popisova\u010de<\/td><td>ks<\/td><td>51,90<\/td><\/tr><tr><td>&nbsp;<\/td><td>&nbsp;<\/td><td>&nbsp;<\/td><td>&nbsp;<\/td><\/tr><\/tbody><\/table><\/figure>\n","protected":false},"excerpt":{"rendered":"<p>Ozna\u010den\u00ed N\u00e1zev mjp Cena bez DPH 400600 Popisova\u010d 2811 liner 0,3 ks 9,00 &nbsp; &nbsp; &nbsp; &nbsp; 400605 Popisova\u010d 2521<\/p>\n","protected":false},"author":1,"featured_media":0,"parent":278,"menu_order":0,"comment_status":"closed","ping_status":"closed","template":"","meta":{"colormag_page_container_layout":"default_layout","colormag_page_sidebar_layout":"default_layout","footnotes":""},"class_list":["post-378","page","type-page","status-publish","hentry"],"_links":{"self":[{"href":"https:\/\/www.phcentrum.cz\/index.php\/wp-json\/wp\/v2\/pages\/378","targetHints":{"allow":["GET"]}}],"collection":[{"href":"https:\/\/www.phcentrum.cz\/index.php\/wp-json\/wp\/v2\/pages"}],"about":[{"href":"https:\/\/www.phcentrum.cz\/index.php\/wp-json\/wp\/v2\/types\/page"}],"author":[{"embeddable":true,"href":"https:\/\/www.phcentrum.cz\/index.php\/wp-json\/wp\/v2\/users\/1"}],"replies":[{"embeddable":true,"href":"https:\/\/www.phcentrum.cz\/index.php\/wp-json\/wp\/v2\/comments?post=378"}],"version-history":[{"count":40,"href":"https:\/\/www.phcentrum.cz\/index.php\/wp-json\/wp\/v2\/pages\/378\/revisions"}],"predecessor-version":[{"id":36154,"href":"https:\/\/www.phcentrum.cz\/index.php\/wp-json\/wp\/v2\/pages\/378\/revisions\/36154"}],"up":[{"embeddable":true,"href":"https:\/\/www.phcentrum.cz\/index.php\/wp-json\/wp\/v2\/pages\/278"}],"wp:attachment":[{"href":"https:\/\/www.phcentrum.cz\/index.php\/wp-json\/wp\/v2\/media?parent=378"}],"curies":[{"name":"wp","href":"https:\/\/api.w.org\/{rel}","templated":true}]}}