{"id":368,"date":"2018-11-17T12:12:05","date_gmt":"2018-11-17T12:12:05","guid":{"rendered":"http:\/\/www.phcentrum.cz\/?page_id=368"},"modified":"2025-09-14T17:53:13","modified_gmt":"2025-09-14T17:53:13","slug":"laminatory-rezacky-vazace-a-doplnkovy-sortiment","status":"publish","type":"page","link":"https:\/\/www.phcentrum.cz\/index.php\/cenik\/laminatory-rezacky-vazace-a-doplnkovy-sortiment\/","title":{"rendered":"Lamin\u00e1tory, \u0159eza\u010dky, vaza\u010de a dopl\u0148kov\u00fd sortiment"},"content":{"rendered":"\n<figure class=\"wp-block-table is-style-stripes\"><table><tbody><tr><td><strong>Ozna\u010den\u00ed<\/strong><\/td><td><strong>N\u00e1zev<\/strong><\/td><td><strong>mjp<\/strong><\/td><td><strong>Cena bez DPH<\/strong><\/td><\/tr><tr><td>480041<\/td><td>Krou\u017ekov\u00e1 vazba 6mm&nbsp;<\/td><td>ks<\/td><td>1,10<\/td><\/tr><tr><td><\/td><td><\/td><td><\/td><td><\/td><\/tr><tr><td>480054<\/td><td>Krou\u017ekov\u00e1 vazba 8mm&nbsp;<\/td><td>ks<\/td><td>1,10<\/td><\/tr><tr><td><\/td><td><\/td><td><\/td><td><\/td><\/tr><tr><td>480062<\/td><td>Krou\u017ekov\u00e1 vazba 10mm \u010dern\u00e1<\/td><td>ks<\/td><td>1,30<\/td><\/tr><tr><td><\/td><td><\/td><td><\/td><td><\/td><\/tr><tr><td>480064<\/td><td>Krou\u017ekov\u00e1 vazba 10mm modr\u00e1<\/td><td>ks<\/td><td>1,30<\/td><\/tr><tr><td><\/td><td><\/td><td><\/td><td><\/td><\/tr><tr><td>480073<\/td><td>Krou\u017e.vazba 12,5mm \u010derven\u00e1<\/td><td>ks<\/td><td>1,90<\/td><\/tr><tr><td><\/td><td><\/td><td><\/td><td><\/td><\/tr><tr><td>480074<\/td><td>Krou\u017e.vazba 12,5mm <\/td><td>ks<\/td><td>3,70<\/td><\/tr><tr><td><\/td><td><\/td><td><\/td><td><\/td><\/tr><tr><td>480084<\/td><td>Krou\u017ekov\u00e1 vazba 14mm<\/td><td>ks<\/td><td>2,40<\/td><\/tr><tr><td><\/td><td><\/td><td><\/td><td><\/td><\/tr><tr><td>480094<\/td><td>Krou\u017ekov\u00e1 vazba 16mm&nbsp;<\/td><td>ks<\/td><td>3,00<\/td><\/tr><tr><td><\/td><td><\/td><td><\/td><td><\/td><\/tr><tr><td>480095<\/td><td>Krou\u017ekov\u00e1 vazba 16mm&nbsp;<\/td><td>ks<\/td><td>3,00<\/td><\/tr><tr><td><\/td><td><\/td><td><\/td><td><\/td><\/tr><tr><td>480114<\/td><td>Krou\u017ekov\u00e1 vazba 22mm&nbsp;<\/td><td>ks<\/td><td>4,60<\/td><\/tr><tr><td><\/td><td><\/td><td><\/td><td><\/td><\/tr><tr><td>480222<\/td><td>Prest.crist.A4 150mic\/100<\/td><td>bal<\/td><td>199,00<\/td><\/tr><tr><td><\/td><td><\/td><td><\/td><td><\/td><\/tr><tr><td>480236<\/td><td>Prest.color A4 200mic\/100<\/td><td>bal<\/td><td>275,00<\/td><\/tr><tr><td><\/td><td><\/td><td><\/td><td><\/td><\/tr><tr><td>480245<\/td><td>Karton A4 imitace k\u016f\u017ee 250g \/100x<\/td><td>bal<\/td><td>150,00<\/td><\/tr><tr><td><\/td><td><\/td><td><\/td><td><\/td><\/tr><tr><td>480252<\/td><td>Chromolux \u017elut\u00fd A4 250g \/100x<\/td><td>ks<\/td><td>290,00<\/td><\/tr><tr><td><\/td><td><\/td><td><\/td><td><\/td><\/tr><tr><td>480260<\/td><td>Chromolux \u010derven\u00fd A4 250g\/100x<\/td><td>bal<\/td><td>290,00<\/td><\/tr><tr><td><\/td><td><\/td><td><\/td><td><\/td><\/tr><tr><td>480315<\/td><td>Vazba n\u00e1s.h\u0159. 4mm<\/td><td>ks<\/td><td>5,70<\/td><\/tr><tr><td><\/td><td><\/td><td><\/td><td><\/td><\/tr><tr><td>480320<\/td><td>Vazba n\u00e1s. h\u0159. 6mm<\/td><td>ks<\/td><td>6,99<\/td><\/tr><tr><td><\/td><td><\/td><td><\/td><td><\/td><\/tr><tr><td>480322<\/td><td>Vazba n\u00e1s. h\u0159. 8mm<\/td><td>ks<\/td><td>8,50<\/td><\/tr><tr><td><\/td><td><\/td><td><\/td><td><\/td><\/tr><tr><td>480323<\/td><td>Vazba n\u00e1s. h\u0159. 10mm<\/td><td>ks<\/td><td>9,30<\/td><\/tr><tr><td><\/td><td><\/td><td><\/td><td><\/td><\/tr><tr><td>480735<\/td><td>Lam.f\u00f3lie&nbsp; 75&#215;105&nbsp; 80mic<\/td><td>bal<\/td><td>82,00<\/td><\/tr><tr><td><\/td><td><\/td><td><\/td><td><\/td><\/tr><tr><td>480738<\/td><td>Lam.f\u00f3lie&nbsp; 80&#215;111&nbsp; 80mic<\/td><td>bal<\/td><td>89,00<\/td><\/tr><tr><td><\/td><td><\/td><td><\/td><td><\/td><\/tr><tr><td>480739<\/td><td>Lam.f\u00f3lie&nbsp; 80&#215;110 100mic<\/td><td>bal<\/td><td>96,00<\/td><\/tr><tr><td><\/td><td><\/td><td><\/td><td><\/td><\/tr><tr><td>480749<\/td><td>Lam.f\u00f3lie 111&#215;154&nbsp; 80mic<\/td><td>bal<\/td><td>135,00<\/td><\/tr><tr><td><\/td><td><\/td><td><\/td><td><\/td><\/tr><tr><td>480752<\/td><td>Lam.f\u00f3lie 154&#215;216&nbsp; 80mic<\/td><td>bal<\/td><td>170,00<\/td><\/tr><tr><td><\/td><td><\/td><td><\/td><td><\/td><\/tr><tr><td>480756<\/td><td>Lam.f\u00f3lie 216&#215;303&nbsp; 80mic<\/td><td>bal<\/td><td>350,00<\/td><\/tr><tr><td><\/td><td><\/td><td><\/td><td><\/td><\/tr><tr><td>480758<\/td><td>Lam.f\u00f3lie 216&#215;303 125mic<\/td><td>bal<\/td><td>570,00<\/td><\/tr><tr><td><\/td><td><\/td><td><\/td><td><\/td><\/tr><tr><td>480762<\/td><td>Lam.f\u00f3lie 303&#215;426 80mic<\/td><td>bal<\/td><td>720<\/td><\/tr><tr><td><\/td><td><\/td><td><\/td><td><\/td><\/tr><tr><td>480764<\/td><td>Lam.f\u00f3lie 303&#215;426 125mic<\/td><td>bal<\/td><td>990,00<\/td><\/tr><tr><td><\/td><td><\/td><td><\/td><td><\/td><\/tr><tr><td>480815<\/td><td>Lamin.folie A3 \/10ls<\/td><td>bal<\/td><td>35,00<\/td><\/tr><tr><td><\/td><td><\/td><td><\/td><td><\/td><\/tr><\/tbody><\/table><\/figure>\n","protected":false},"excerpt":{"rendered":"<p>Ozna\u010den\u00ed N\u00e1zev mjp Cena bez DPH 480041 Krou\u017ekov\u00e1 vazba 6mm&nbsp; ks 1,10 480054 Krou\u017ekov\u00e1 vazba 8mm&nbsp; ks 1,10 480062 Krou\u017ekov\u00e1<\/p>\n","protected":false},"author":1,"featured_media":0,"parent":278,"menu_order":0,"comment_status":"closed","ping_status":"closed","template":"","meta":{"colormag_page_container_layout":"default_layout","colormag_page_sidebar_layout":"default_layout","footnotes":""},"class_list":["post-368","page","type-page","status-publish","hentry"],"_links":{"self":[{"href":"https:\/\/www.phcentrum.cz\/index.php\/wp-json\/wp\/v2\/pages\/368","targetHints":{"allow":["GET"]}}],"collection":[{"href":"https:\/\/www.phcentrum.cz\/index.php\/wp-json\/wp\/v2\/pages"}],"about":[{"href":"https:\/\/www.phcentrum.cz\/index.php\/wp-json\/wp\/v2\/types\/page"}],"author":[{"embeddable":true,"href":"https:\/\/www.phcentrum.cz\/index.php\/wp-json\/wp\/v2\/users\/1"}],"replies":[{"embeddable":true,"href":"https:\/\/www.phcentrum.cz\/index.php\/wp-json\/wp\/v2\/comments?post=368"}],"version-history":[{"count":13,"href":"https:\/\/www.phcentrum.cz\/index.php\/wp-json\/wp\/v2\/pages\/368\/revisions"}],"predecessor-version":[{"id":32084,"href":"https:\/\/www.phcentrum.cz\/index.php\/wp-json\/wp\/v2\/pages\/368\/revisions\/32084"}],"up":[{"embeddable":true,"href":"https:\/\/www.phcentrum.cz\/index.php\/wp-json\/wp\/v2\/pages\/278"}],"wp:attachment":[{"href":"https:\/\/www.phcentrum.cz\/index.php\/wp-json\/wp\/v2\/media?parent=368"}],"curies":[{"name":"wp","href":"https:\/\/api.w.org\/{rel}","templated":true}]}}