{"id":358,"date":"2018-11-17T11:48:12","date_gmt":"2018-11-17T11:48:12","guid":{"rendered":"http:\/\/www.phcentrum.cz\/?page_id=358"},"modified":"2026-04-22T10:22:10","modified_gmt":"2026-04-22T10:22:10","slug":"tiskopisy-msk-typos-optys","status":"publish","type":"page","link":"https:\/\/www.phcentrum.cz\/index.php\/cenik\/tiskopisy-msk-typos-optys\/","title":{"rendered":"Tiskopisy &#8211; mSk, Typos, Optys"},"content":{"rendered":"\n<figure class=\"wp-block-table is-style-stripes\"><table><tbody><tr><td><strong>Ozna\u010den\u00ed<\/strong><\/td><td><strong>N\u00e1zev<\/strong><\/td><td><strong>mjp<\/strong><\/td><td><strong>Cena bez DPH<\/strong><\/td><td>&nbsp;<\/td><\/tr><tr><td>462016<\/td><td>Z\u00e1pisn\u00edk bezpe\u010dnosti pr\u00e1ce A6 mSk215<\/td><td>ks<\/td><td>22,00<\/td><td>&nbsp;<\/td><\/tr><tr><td>&nbsp;<\/td><td>&nbsp;<\/td><td>&nbsp;<\/td><td>&nbsp;<\/td><td>&nbsp;<\/td><\/tr><tr><td>462031<\/td><td>Zak\u00e1zkov\u00fd list A5 copy mSk351<\/td><td>ks<\/td><td>67,90<\/td><td>&nbsp;<\/td><\/tr><tr><td>&nbsp;<\/td><td>&nbsp;<\/td><td>&nbsp;<\/td><td>&nbsp;<\/td><td>&nbsp;<\/td><\/tr><tr><td>462065<\/td><td>Propustka A7 mSk214<\/td><td>ks<\/td><td>12,90<\/td><td>&nbsp;<\/td><\/tr><tr><td>&nbsp;<\/td><td>&nbsp;<\/td><td>&nbsp;<\/td><td>&nbsp;<\/td><td>&nbsp;<\/td><\/tr><tr><td>462070<\/td><td>Dovolenka A6 mSk213<\/td><td>ks<\/td><td>17,99<\/td><td>&nbsp;<\/td><\/tr><tr><td>&nbsp;<\/td><td>&nbsp;<\/td><td>&nbsp;<\/td><td>&nbsp;<\/td><td>&nbsp;<\/td><\/tr><tr><td>462075<\/td><td>\u017d\u00e1danka o p\u0159epravu A6 mSk325<\/td><td>ks<\/td><td>17,90<\/td><td>&nbsp;<\/td><\/tr><tr><td>&nbsp;<\/td><td>&nbsp;<\/td><td>&nbsp;<\/td><td>&nbsp;<\/td><td>&nbsp;<\/td><\/tr><tr><td>462080<\/td><td>Cestovn\u00ed p\u0159\u00edkaz A5 mSk500<\/td><td>ks<\/td><td>33,90<\/td><td>&nbsp;<\/td><\/tr><tr><td>&nbsp;<\/td><td>&nbsp;<\/td><td>&nbsp;<\/td><td>&nbsp;<\/td><td>&nbsp;<\/td><\/tr><tr><td>462085<\/td><td>Cestovn\u00ed p\u0159\u00edkaz A4 mSk501<\/td><td>ks<\/td><td>57,80<\/td><td>&nbsp;<\/td><\/tr><tr><td>&nbsp;<\/td><td>&nbsp;<\/td><td>&nbsp;<\/td><td>&nbsp;<\/td><td>&nbsp;<\/td><\/tr><tr><td>462103<\/td><td>Faktura za hotov\u00e9 mSk83<\/td><td>ks<\/td><td>52,00<\/td><td><\/td><\/tr><tr><td><\/td><td><\/td><td><\/td><td><\/td><td><\/td><\/tr><tr><td>462104<\/td><td>Faktura 2\/3 A4 copy mSk 33<\/td><td>ks<\/td><td>83,50<\/td><td>&nbsp;<\/td><\/tr><tr><td>&nbsp;<\/td><td>&nbsp;<\/td><td>&nbsp;<\/td><td>&nbsp;<\/td><td>&nbsp;<\/td><\/tr><tr><td>462124<\/td><td>Objedn\u00e1vka A5 copy mSk2<\/td><td>ks<\/td><td>48,80<\/td><td>&nbsp;<\/td><\/tr><tr><td>&nbsp;<\/td><td>&nbsp;<\/td><td>&nbsp;<\/td><td>&nbsp;<\/td><td>&nbsp;<\/td><\/tr><tr><td>462153<\/td><td>Dodac\u00ed list A5 copy mSk11<\/td><td>ks<\/td><td>65,00<\/td><td>&nbsp;<\/td><\/tr><tr><td>&nbsp;<\/td><td>&nbsp;<\/td><td>&nbsp;<\/td><td>&nbsp;<\/td><td>&nbsp;<\/td><\/tr><tr><td>462157<\/td><td>Dodac\u00ed list A4 copy mSk13<\/td><td>ks<\/td><td>113,00<\/td><td>&nbsp;<\/td><\/tr><tr><td>&nbsp;<\/td><td>&nbsp;<\/td><td>&nbsp;<\/td><td>&nbsp;<\/td><td>&nbsp;<\/td><\/tr><tr><td>462222<\/td><td>V\u00fdplatn\u00ed s\u00e1\u010dek 2 roky mSk210<\/td><td>ks<\/td><td>3,99<\/td><td>&nbsp;<\/td><\/tr><tr><td>&nbsp;<\/td><td>&nbsp;<\/td><td>&nbsp;<\/td><td>&nbsp;<\/td><td>&nbsp;<\/td><\/tr><tr><td>462316<\/td><td>Pokl.stvrzenka A6 ne\u010d. copy mSk79<\/td><td>ks<\/td><td>27,00<\/td><td>&nbsp;<\/td><\/tr><tr><td>&nbsp;<\/td><td>&nbsp;<\/td><td>&nbsp;<\/td><td>&nbsp;<\/td><td>&nbsp;<\/td><\/tr><tr><td>462319<\/td><td>Z\u00e1znam o provozu vozidla osobn\u00edho vozidla mSk322<\/td><td>ks<\/td><td>39,90<\/td><td><\/td><\/tr><tr><td><\/td><td><\/td><td><\/td><td><\/td><td><\/td><\/tr><tr><td>462370<\/td><td>\u00da\u010dtenka za hotov\u00e9 ne\u010d\u00edslovan\u00e1 copy mSk65<\/td><td>ks<\/td><td>30,90<\/td><td>&nbsp;<\/td><\/tr><tr><td>&nbsp;<\/td><td>&nbsp;<\/td><td>&nbsp;<\/td><td>&nbsp;<\/td><td>&nbsp;<\/td><\/tr><tr><td>462372<\/td><td>\u00da\u010dtenka za hotov\u00e9 \u010d\u00edslovan\u00e1 copy mSk62<\/td><td>ks<\/td><td>33,90<\/td><td>&nbsp;<\/td><\/tr><tr><td>&nbsp;<\/td><td>&nbsp;<\/td><td>&nbsp;<\/td><td>&nbsp;<\/td><td>&nbsp;<\/td><\/tr><tr><td>462555<\/td><td>Kniha p\u0159\u00edchod\u016f a odchod\u016f mSk245<\/td><td>ks<\/td><td>43,90<\/td><td>&nbsp;<\/td><\/tr><tr><td>&nbsp;<\/td><td>&nbsp;<\/td><td>&nbsp;<\/td><td>&nbsp;<\/td><td>&nbsp;<\/td><\/tr><tr><td>462580<\/td><td>Stavebn\u00ed a mont\u00e1\u017en\u00ed den\u00edk copy mSk401<\/td><td>ks<\/td><td>127,00<\/td><td>&nbsp;<\/td><\/tr><tr><td>&nbsp;<\/td><td>&nbsp;<\/td><td>&nbsp;<\/td><td>&nbsp;<\/td><td>&nbsp;<\/td><\/tr><tr><td>462592<\/td><td>Kniha j\u00edzd A6 mSk312<\/td><td>ks<\/td><td>14,90<\/td><td>&nbsp;<\/td><\/tr><tr><td>&nbsp;<\/td><td>&nbsp;<\/td><td>&nbsp;<\/td><td>&nbsp;<\/td><td>&nbsp;<\/td><\/tr><tr><td>463065<\/td><td>Propustka Optys<\/td><td>ks<\/td><td>25,90<\/td><td>&nbsp;<\/td><\/tr><tr><td>&nbsp;<\/td><td>&nbsp;<\/td><td>&nbsp;<\/td><td>&nbsp;<\/td><td>&nbsp;<\/td><\/tr><tr><td>463070<\/td><td>Dovolenka Optys<\/td><td>ks<\/td><td>22,50<\/td><td>&nbsp;<\/td><\/tr><tr><td>&nbsp;<\/td><td>&nbsp;<\/td><td>&nbsp;<\/td><td>&nbsp;<\/td><td>&nbsp;<\/td><\/tr><tr><td>463080<\/td><td>P\u0159\u00edjem-p\u0159evod-v\u00fddej&nbsp; Optys copy<\/td><td>ks<\/td><td>79,90<\/td><td>&nbsp;<\/td><\/tr><tr><td>&nbsp;<\/td><td>&nbsp;<\/td><td>&nbsp;<\/td><td>&nbsp;<\/td><td>&nbsp;<\/td><\/tr><tr><td>463221<\/td><td>Provozn\u00ed den\u00edk plynov\u00e9 kotelny<\/td><td>ks<\/td><td>75,00<\/td><td>&nbsp;<\/td><\/tr><tr><td>&nbsp;<\/td><td>&nbsp;<\/td><td>&nbsp;<\/td><td>&nbsp;<\/td><td>&nbsp;<\/td><\/tr><tr><td>463234<\/td><td>Provozn\u00ed den\u00edk stroje OP 234<\/td><td>ks<\/td><td>42,00<\/td><td><\/td><\/tr><tr><td><\/td><td><\/td><td><\/td><td><\/td><td><\/td><\/tr><tr><td>464061<\/td><td>Doch\u00e1zkov\u00fd list-p\u00edcha\u010dka<\/td><td>ks<\/td><td>1,95<\/td><td>&nbsp;<\/td><\/tr><tr><td>&nbsp;<\/td><td>&nbsp;<\/td><td>&nbsp;<\/td><td>&nbsp;<\/td><td>&nbsp;<\/td><\/tr><tr><td>464105<\/td><td>Faktura A4 copy mSk 31<\/td><td>ks<\/td><td>119,00<\/td><td>&nbsp;<\/td><\/tr><tr><td>&nbsp;<\/td><td>&nbsp;<\/td><td>&nbsp;<\/td><td>&nbsp;<\/td><td>&nbsp;<\/td><\/tr><tr><td>464150<\/td><td>Dodac\u00ed list A6-copy<\/td><td>ks<\/td><td>28,00<\/td><td>&nbsp;<\/td><\/tr><tr><td>&nbsp;<\/td><td>&nbsp;<\/td><td>&nbsp;<\/td><td>&nbsp;<\/td><td>&nbsp;<\/td><\/tr><tr><td>464152<\/td><td>Dodac\u00ed list A5 copy 50ls Typos<\/td><td>ks<\/td><td>37,90<\/td><td><\/td><\/tr><tr><td><\/td><td><\/td><td><\/td><td><\/td><td><\/td><\/tr><tr><td>464154<\/td><td>Dodac\u00ed list A5 copy<\/td><td>ks<\/td><td>67,90<\/td><td>&nbsp;<\/td><\/tr><tr><td>&nbsp;<\/td><td>&nbsp;<\/td><td>&nbsp;<\/td><td>&nbsp;<\/td><td>&nbsp;<\/td><\/tr><tr><td>464315<\/td><td>Pokl.stvrzenka \u010d\u00edsl. copy<\/td><td>ks<\/td><td>23,50<\/td><td>&nbsp;<\/td><\/tr><tr><td>&nbsp;<\/td><td>&nbsp;<\/td><td>&nbsp;<\/td><td>&nbsp;<\/td><td>&nbsp;<\/td><\/tr><tr><td>464320<\/td><td>Pokl.dokl. p\u0159\u00edjmov\u00fd ne\u010d\u00eds.<\/td><td>ks<\/td><td>16,00<\/td><td>&nbsp;<\/td><\/tr><tr><td>&nbsp;<\/td><td>&nbsp;<\/td><td>&nbsp;<\/td><td>&nbsp;<\/td><td>&nbsp;<\/td><\/tr><tr><td>464322<\/td><td>Pokl.dokl. p\u0159\u00edjmov\u00fd ne\u010d\u00eds.copy<\/td><td>ks<\/td><td>35,50<\/td><td>&nbsp;<\/td><\/tr><tr><td>&nbsp;<\/td><td>&nbsp;<\/td><td>&nbsp;<\/td><td>&nbsp;<\/td><td>&nbsp;<\/td><\/tr><tr><td>464323<\/td><td>Pokl.dokl. p\u0159\u00edjmov\u00fd \u010d\u00eds. copy<\/td><td>ks<\/td><td>27,50<\/td><td>&nbsp;<\/td><\/tr><tr><td>&nbsp;<\/td><td>&nbsp;<\/td><td>&nbsp;<\/td><td>&nbsp;<\/td><td>&nbsp;<\/td><\/tr><tr><td>464325<\/td><td>Pokl.dokl. v\u00fddajov\u00fd ne\u010d\u00eds.<\/td><td>ks<\/td><td>19,90<\/td><td>&nbsp;<\/td><\/tr><tr><td>&nbsp;<\/td><td>&nbsp;<\/td><td>&nbsp;<\/td><td>&nbsp;<\/td><td>&nbsp;<\/td><\/tr><tr><td>464326<\/td><td>Pokl.dokl. v\u00fddajov\u00fd ne\u010d\u00eds.copy<\/td><td>ks<\/td><td>33,00<\/td><td>&nbsp;<\/td><\/tr><tr><td>&nbsp;<\/td><td>&nbsp;<\/td><td>&nbsp;<\/td><td>&nbsp;<\/td><td>&nbsp;<\/td><\/tr><tr><td>464411<\/td><td>V\u00fddejka-p\u0159evodka A5 copy<\/td><td>ks<\/td><td>71,90<\/td><td>&nbsp;<\/td><\/tr><tr><td>&nbsp;<\/td><td>&nbsp;<\/td><td>&nbsp;<\/td><td>&nbsp;<\/td><td>&nbsp;<\/td><\/tr><tr><td>464450<\/td><td>V\u00fdpis z receptu<\/td><td>ks<\/td><td>18,50<\/td><td>&nbsp;<\/td><\/tr><tr><td>&nbsp;<\/td><td>&nbsp;<\/td><td>&nbsp;<\/td><td>&nbsp;<\/td><td>&nbsp;<\/td><\/tr><tr><td>464538<\/td><td>Kniha do\u0161l\u00fdch faktur A4 mSk 152<\/td><td>ks<\/td><td>29,50<\/td><td>&nbsp;<\/td><\/tr><tr><td>&nbsp;<\/td><td>&nbsp;<\/td><td>&nbsp;<\/td><td>&nbsp;<\/td><td>&nbsp;<\/td><\/tr><tr><td>464539<\/td><td>Kniha odeslan\u00fdch faktur A4 mSk 151<\/td><td>ks<\/td><td>29,50<\/td><td>&nbsp;<\/td><\/tr><tr><td>&nbsp;<\/td><td>&nbsp;<\/td><td>&nbsp;<\/td><td>&nbsp;<\/td><td>&nbsp;<\/td><\/tr><tr><td>464543<\/td><td>Kniha do\u0161l\u00e9 po\u0161ty A4 mSk 240<\/td><td>ks<\/td><td>24,50<\/td><td>&nbsp;<\/td><\/tr><tr><td>&nbsp;<\/td><td>&nbsp;<\/td><td>&nbsp;<\/td><td>&nbsp;<\/td><td>&nbsp;<\/td><\/tr><tr><td>464544<\/td><td>Kniha odeslan\u00e9 po\u0161ty A4 mSk 242<\/td><td>ks<\/td><td>24,50<\/td><td>&nbsp;<\/td><\/tr><tr><td>&nbsp;<\/td><td>&nbsp;<\/td><td>&nbsp;<\/td><td>&nbsp;<\/td><td>&nbsp;<\/td><\/tr><tr><td>464546<\/td><td>Kniha po\u0161ty A4 tvrd\u00e9 desky<\/td><td>ks<\/td><td>130,90<\/td><td>&nbsp;<\/td><\/tr><tr><td>&nbsp;<\/td><td>&nbsp;<\/td><td>&nbsp;<\/td><td>&nbsp;<\/td><td>&nbsp;<\/td><\/tr><tr><td>464566<\/td><td>Reklama\u010dn\u00ed l\u00edstek A5 copy<\/td><td>ks<\/td><td>47,00<\/td><td>&nbsp;<\/td><\/tr><tr><td>&nbsp;<\/td><td>&nbsp;<\/td><td>&nbsp;<\/td><td>&nbsp;<\/td><td>&nbsp;<\/td><\/tr><tr><td>464591<\/td><td>Kniha j\u00edzd firem. voz. A5<\/td><td>ks<\/td><td>23,00<\/td><td>&nbsp;<\/td><\/tr><tr><td>&nbsp;<\/td><td>&nbsp;<\/td><td>&nbsp;<\/td><td>&nbsp;<\/td><td>&nbsp;<\/td><\/tr><tr><td>464596<\/td><td>Pokladn\u00ed kniha A4 copy&nbsp; mSk 146<\/td><td>ks<\/td><td>140,80<\/td><td>&nbsp;<\/td><\/tr><tr><td>&nbsp;<\/td><td>&nbsp;<\/td><td>&nbsp;<\/td><td>&nbsp;<\/td><td>&nbsp;<\/td><\/tr><tr><td>464597<\/td><td>Pokladn\u00ed kniha A4 mSk 144<\/td><td>ks<\/td><td>27,50<\/td><td>&nbsp;<\/td><\/tr><tr><td>&nbsp;<\/td><td>&nbsp;<\/td><td>&nbsp;<\/td><td>&nbsp;<\/td><td>&nbsp;<\/td><\/tr><tr><td>464598<\/td><td>Stvrzenkov\u00e1 kniha A4 NCR<\/td><td>ks<\/td><td>132,00<\/td><td>&nbsp;<\/td><\/tr><tr><td>&nbsp;<\/td><td>&nbsp;<\/td><td>&nbsp;<\/td><td>&nbsp;<\/td><td>&nbsp;<\/td><\/tr><tr><td>464600<\/td><td>Skladov\u00e1 karta 1\/3 A4<\/td><td>ks<\/td><td>2,40<\/td><td>&nbsp;<\/td><\/tr><tr><td>&nbsp;<\/td><td>&nbsp;<\/td><td>&nbsp;<\/td><td>&nbsp;<\/td><td>&nbsp;<\/td><\/tr><tr><td>464700<\/td><td>Stazka n\u00e1kl.dopravy-kopie<\/td><td>ks<\/td><td>34,90<\/td><td>&nbsp;<\/td><\/tr><tr><td>&nbsp;<\/td><td>&nbsp;<\/td><td>&nbsp;<\/td><td>&nbsp;<\/td><td>&nbsp;<\/td><\/tr><tr><td>464701<\/td><td>Stazka n\u00e1kladn\u00ed dopravy<\/td><td>ks<\/td><td>69,90<\/td><td>&nbsp;<\/td><\/tr><tr><td>&nbsp;<\/td><td>&nbsp;<\/td><td>&nbsp;<\/td><td>&nbsp;<\/td><td>&nbsp;<\/td><\/tr><tr><td>464708<\/td><td>Kotou\u010d. tachograf 125km \/100ks<\/td><td>ks<\/td><td>155,00<\/td><td>&nbsp;<\/td><\/tr><tr><td>&nbsp;<\/td><td>&nbsp;<\/td><td>&nbsp;<\/td><td>&nbsp;<\/td><td>&nbsp;<\/td><\/tr><tr><td>464802<\/td><td>Blo\u010dkov\u00e1 vstupenka<\/td><td>ks<\/td><td>37,00<\/td><td><\/td><\/tr><tr><td><\/td><td><\/td><td><\/td><td><\/td><td><\/td><\/tr><tr><td>464805<\/td><td>\u0160atnov\u00fd blok 100 L<\/td><td>bal<\/td><td>10,00<\/td><td>&nbsp;<\/td><\/tr><tr><td>&nbsp;<\/td><td>&nbsp;<\/td><td>&nbsp;<\/td><td>&nbsp;<\/td><td>&nbsp;<\/td><\/tr><tr><td>464806<\/td><td>\u0160atnov\u00fd blok 200 L<\/td><td>bal.<\/td><td>37,00<\/td><td>&nbsp;<\/td><\/tr><tr><td>&nbsp;<\/td><td>&nbsp;<\/td><td>&nbsp;<\/td><td>&nbsp;<\/td><td>&nbsp;<\/td><\/tr><tr><td>464975<\/td><td>C M R &#8211; copy 1+4 slo\u017eek<\/td><td>ks<\/td><td>4,00<\/td><td>&nbsp;<\/td><\/tr><tr><td>&nbsp;<\/td><td>&nbsp;<\/td><td>&nbsp;<\/td><td>&nbsp;<\/td><td>&nbsp;<\/td><\/tr><\/tbody><\/table><\/figure>\n","protected":false},"excerpt":{"rendered":"<p>Ozna\u010den\u00ed N\u00e1zev mjp Cena bez DPH &nbsp; 462016 Z\u00e1pisn\u00edk bezpe\u010dnosti pr\u00e1ce A6 mSk215 ks 22,00 &nbsp; &nbsp; &nbsp; &nbsp; &nbsp;<\/p>\n","protected":false},"author":1,"featured_media":0,"parent":278,"menu_order":0,"comment_status":"closed","ping_status":"closed","template":"","meta":{"colormag_page_container_layout":"default_layout","colormag_page_sidebar_layout":"default_layout","footnotes":""},"class_list":["post-358","page","type-page","status-publish","hentry"],"_links":{"self":[{"href":"https:\/\/www.phcentrum.cz\/index.php\/wp-json\/wp\/v2\/pages\/358","targetHints":{"allow":["GET"]}}],"collection":[{"href":"https:\/\/www.phcentrum.cz\/index.php\/wp-json\/wp\/v2\/pages"}],"about":[{"href":"https:\/\/www.phcentrum.cz\/index.php\/wp-json\/wp\/v2\/types\/page"}],"author":[{"embeddable":true,"href":"https:\/\/www.phcentrum.cz\/index.php\/wp-json\/wp\/v2\/users\/1"}],"replies":[{"embeddable":true,"href":"https:\/\/www.phcentrum.cz\/index.php\/wp-json\/wp\/v2\/comments?post=358"}],"version-history":[{"count":45,"href":"https:\/\/www.phcentrum.cz\/index.php\/wp-json\/wp\/v2\/pages\/358\/revisions"}],"predecessor-version":[{"id":36159,"href":"https:\/\/www.phcentrum.cz\/index.php\/wp-json\/wp\/v2\/pages\/358\/revisions\/36159"}],"up":[{"embeddable":true,"href":"https:\/\/www.phcentrum.cz\/index.php\/wp-json\/wp\/v2\/pages\/278"}],"wp:attachment":[{"href":"https:\/\/www.phcentrum.cz\/index.php\/wp-json\/wp\/v2\/media?parent=358"}],"curies":[{"name":"wp","href":"https:\/\/api.w.org\/{rel}","templated":true}]}}