{"id":354,"date":"2018-11-17T11:41:24","date_gmt":"2018-11-17T11:41:24","guid":{"rendered":"http:\/\/www.phcentrum.cz\/?page_id=354"},"modified":"2026-01-28T18:49:57","modified_gmt":"2026-01-28T18:49:57","slug":"lepici-pasky-motouzy-a-gumicky","status":"publish","type":"page","link":"https:\/\/www.phcentrum.cz\/index.php\/cenik\/lepici-pasky-motouzy-a-gumicky\/","title":{"rendered":"Lep\u00edc\u00ed p\u00e1sky, motouzy a gumi\u010dky"},"content":{"rendered":"\n<figure class=\"wp-block-table is-style-stripes\"><table><tbody><tr><td><strong>Ozna\u010den\u00ed<\/strong><\/td><td><strong>N\u00e1zev<\/strong><\/td><td><strong>mjp<\/strong><\/td><td><strong>Cena bez DPH<\/strong><\/td><td>&nbsp;<\/td><\/tr><tr><td>404300<\/td><td>Motouz ln\u011bn\u00fd 40g trikolora<\/td><td>ks<\/td><td>32,90<\/td><td>&nbsp;<\/td><\/tr><tr><td>&nbsp;<\/td><td>&nbsp;<\/td><td>&nbsp;<\/td><td>&nbsp;<\/td><td>&nbsp;<\/td><\/tr><tr><td>404301<\/td><td>Motouz PP 50g<\/td><td>ks<\/td><td>15,50<\/td><td>&nbsp;<\/td><\/tr><tr><td>&nbsp;<\/td><td>&nbsp;<\/td><td>&nbsp;<\/td><td>&nbsp;<\/td><td>&nbsp;<\/td><\/tr><tr><td>404303<\/td><td>Motouz PP 100g<\/td><td>ks<\/td><td>28,90<\/td><td>&nbsp;<\/td><\/tr><tr><td>&nbsp;<\/td><td>&nbsp;<\/td><td>&nbsp;<\/td><td>&nbsp;<\/td><td>&nbsp;<\/td><\/tr><tr><td>404307<\/td><td>Motouz PP 1000g<\/td><td>ks<\/td><td>179,00<\/td><td>&nbsp;<\/td><\/tr><tr><td>&nbsp;<\/td><td>&nbsp;<\/td><td>&nbsp;<\/td><td>&nbsp;<\/td><td>&nbsp;<\/td><\/tr><tr><td>404310<\/td><td>Motouz PP 5000g<\/td><td>ks<\/td><td>672,00<\/td><td>&nbsp;<\/td><\/tr><tr><td>&nbsp;<\/td><td>&nbsp;<\/td><td>&nbsp;<\/td><td>&nbsp;<\/td><td>&nbsp;<\/td><\/tr><tr><td>404330<\/td><td>Motouz ln\u011bn\u00fd 40g potravin\u00e1\u0159sk\u00fd<\/td><td>ks<\/td><td>33,90<\/td><td>&nbsp;<\/td><\/tr><tr><td>&nbsp;<\/td><td>&nbsp;<\/td><td>&nbsp;<\/td><td>&nbsp;<\/td><td>&nbsp;<\/td><\/tr><tr><td>404332<\/td><td>Motouz jutov\u00fd 50g<\/td><td>ks<\/td><td>13,90<\/td><td>&nbsp;<\/td><\/tr><tr><td>&nbsp;<\/td><td>&nbsp;<\/td><td>&nbsp;<\/td><td>&nbsp;<\/td><td>&nbsp;<\/td><\/tr><tr><td>404334<\/td><td>Motouz jutov\u00fd 100g<\/td><td>ks<\/td><td>27,70<\/td><td>&nbsp;<\/td><\/tr><tr><td>&nbsp;<\/td><td>&nbsp;<\/td><td>&nbsp;<\/td><td>&nbsp;<\/td><td>&nbsp;<\/td><\/tr><tr><td>404401<\/td><td>Lep\u00edc\u00ed p\u00e1ska 19x10m transp.<\/td><td>ks<\/td><td>5,50<\/td><td>&nbsp;<\/td><\/tr><tr><td>&nbsp;<\/td><td>&nbsp;<\/td><td>&nbsp;<\/td><td>&nbsp;<\/td><td>&nbsp;<\/td><\/tr><tr><td>404402<\/td><td>Lep\u00edc\u00ed p\u00e1ska 19x33m transp.<\/td><td>ks<\/td><td>10,90<\/td><td>&nbsp;<\/td><\/tr><tr><td>&nbsp;<\/td><td>&nbsp;<\/td><td>&nbsp;<\/td><td>&nbsp;<\/td><td>&nbsp;<\/td><\/tr><tr><td>404405<\/td><td>Lep\u00edc\u00ed p\u00e1ska 25x33m transp.<\/td><td>ks<\/td><td>12,00<\/td><td>&nbsp;<\/td><\/tr><tr><td>&nbsp;<\/td><td>&nbsp;<\/td><td>&nbsp;<\/td><td>&nbsp;<\/td><td>&nbsp;<\/td><\/tr><tr><td>404406<\/td><td>Lep\u00edc\u00ed p\u00e1ska 48&#215;66 hn\u011bd\u00e1<\/td><td>ks<\/td><td>19,00<\/td><td>&nbsp;<\/td><\/tr><tr><td>&nbsp;<\/td><td>&nbsp;<\/td><td>&nbsp;<\/td><td>&nbsp;<\/td><td>&nbsp;<\/td><\/tr><tr><td>404407<\/td><td>Lep\u00edc\u00ed p\u00e1ska 24&#215;66 havana<\/td><td>ks<\/td><td>14,00<\/td><td>&nbsp;<\/td><\/tr><tr><td>&nbsp;<\/td><td>&nbsp;<\/td><td>&nbsp;<\/td><td>&nbsp;<\/td><td>&nbsp;<\/td><\/tr><tr><td>404408<\/td><td>Lep\u00edc\u00ed p\u00e1ska 48&#215;66 Tesa<\/td><td>ks<\/td><td>46,90<\/td><td>&nbsp;<\/td><\/tr><tr><td>&nbsp;<\/td><td>&nbsp;<\/td><td>&nbsp;<\/td><td>&nbsp;<\/td><td>&nbsp;<\/td><\/tr><tr><td>404410<\/td><td>Lep\u00edc\u00ed p\u00e1ska 24&#215;66 transp.<\/td><td>ks<\/td><td>14,90<\/td><td>&nbsp;<\/td><\/tr><tr><td>&nbsp;<\/td><td>&nbsp;<\/td><td>&nbsp;<\/td><td>&nbsp;<\/td><td>&nbsp;<\/td><\/tr><tr><td>404411<\/td><td>Lep\u00edc\u00ed p\u00e1ska 48&#215;66 \u010dir\u00e1<\/td><td>ks<\/td><td>24,50<\/td><td>&nbsp;<\/td><\/tr><tr><td>&nbsp;<\/td><td>&nbsp;<\/td><td>&nbsp;<\/td><td>&nbsp;<\/td><td>&nbsp;<\/td><\/tr><tr><td>404412<\/td><td>Lepic\u00ed p\u00e1ska 15x33m transp.<\/td><td>ks<\/td><td>8,90<\/td><td>&nbsp;<\/td><\/tr><tr><td>&nbsp;<\/td><td>&nbsp;<\/td><td>&nbsp;<\/td><td>&nbsp;<\/td><td>&nbsp;<\/td><\/tr><tr><td>404413<\/td><td>Lep\u00edc\u00ed p\u00e1ska 12x33m transp.<\/td><td>ks<\/td><td>7,10<\/td><td>&nbsp;<\/td><\/tr><tr><td>&nbsp;<\/td><td>&nbsp;<\/td><td>&nbsp;<\/td><td>&nbsp;<\/td><td>&nbsp;<\/td><\/tr><tr><td>404417<\/td><td>P\u00e1ska lep\u00edc\u00ed 25&#215;25 pap\u00edr.<\/td><td>ks<\/td><td>5,40<\/td><td>&nbsp;<\/td><\/tr><tr><td>&nbsp;<\/td><td>&nbsp;<\/td><td>&nbsp;<\/td><td>&nbsp;<\/td><td>&nbsp;<\/td><\/tr><tr><td>404418<\/td><td>Lepic\u00ed p\u00e1ska 18mmx18m barevn\u00e1<\/td><td>ks<\/td><td>8,50<\/td><td>&nbsp;<\/td><\/tr><tr><td>&nbsp;<\/td><td>&nbsp;<\/td><td>&nbsp;<\/td><td>&nbsp;<\/td><td>&nbsp;<\/td><\/tr><tr><td>404419<\/td><td>P\u00e1ska lepic\u00ed 19x50m krepov\u00e1<\/td><td>ks<\/td><td>24,50<\/td><td>&nbsp;<\/td><\/tr><tr><td>&nbsp;<\/td><td>&nbsp;<\/td><td>&nbsp;<\/td><td>&nbsp;<\/td><td>&nbsp;<\/td><\/tr><tr><td>404420<\/td><td>P\u00e1ska lep\u00edc\u00ed&nbsp; 50x50m krepov\u00e1<\/td><td>ks<\/td><td>61,00<\/td><td>&nbsp;<\/td><\/tr><tr><td>&nbsp;<\/td><td>&nbsp;<\/td><td>&nbsp;<\/td><td>&nbsp;<\/td><td>&nbsp;<\/td><\/tr><tr><td>404421<\/td><td>P\u00e1ska lep.oboustr.25mm\/10m<\/td><td>ks<\/td><td>27,00<\/td><td>&nbsp;<\/td><\/tr><tr><td>&nbsp;<\/td><td>&nbsp;<\/td><td>&nbsp;<\/td><td>&nbsp;<\/td><td>&nbsp;<\/td><\/tr><tr><td>404422<\/td><td>P\u00e1ska oboustrann\u00e1 z\u00e1t\u011b\u017eov\u00e1 5m<\/td><td>ks<\/td><td>33,00<\/td><td>&nbsp;<\/td><\/tr><tr><td>&nbsp;<\/td><td>&nbsp;<\/td><td>&nbsp;<\/td><td>&nbsp;<\/td><td>&nbsp;<\/td><\/tr><tr><td>404425<\/td><td>P\u00e1ska lep. Scotch 19&#215;7,5m<\/td><td>ks<\/td><td>39,00<\/td><td>&nbsp;<\/td><\/tr><tr><td>&nbsp;<\/td><td>&nbsp;<\/td><td>&nbsp;<\/td><td>&nbsp;<\/td><td>&nbsp;<\/td><\/tr><tr><td>404427<\/td><td>P\u00e1ska lep. obou. 50\/25m TESA<\/td><td>ks<\/td><td>169,00<\/td><td>&nbsp;<\/td><\/tr><tr><td>&nbsp;<\/td><td>&nbsp;<\/td><td>&nbsp;<\/td><td>&nbsp;<\/td><td>&nbsp;<\/td><\/tr><tr><td>404428<\/td><td>P\u00e1ska lepic\u00ed 25x50m krepov\u00e1<\/td><td>ks<\/td><td>33,00<\/td><td>&nbsp;<\/td><\/tr><tr><td>&nbsp;<\/td><td>&nbsp;<\/td><td>&nbsp;<\/td><td>&nbsp;<\/td><td>&nbsp;<\/td><\/tr><tr><td>404429<\/td><td>Lepic\u00ed p\u00e1ska 12x33m Smiley Rock<\/td><td>ks<\/td><td>13,00<\/td><td>&nbsp;<\/td><\/tr><tr><td>&nbsp;<\/td><td>&nbsp;<\/td><td>&nbsp;<\/td><td>&nbsp;<\/td><td>&nbsp;<\/td><\/tr><tr><td>404431<\/td><td>P\u00e1ska lepic\u00ed 25&#215;66 barev.<\/td><td>ks<\/td><td>24,50<\/td><td>&nbsp;<\/td><\/tr><tr><td>&nbsp;<\/td><td>&nbsp;<\/td><td>&nbsp;<\/td><td>&nbsp;<\/td><td>&nbsp;<\/td><\/tr><tr><td>404432<\/td><td>P\u00e1ska lep\u00edc\u00ed 50&#215;66 barevn\u00e1<\/td><td>ks<\/td><td>45,00<\/td><td>&nbsp;<\/td><\/tr><tr><td>&nbsp;<\/td><td>&nbsp;<\/td><td>&nbsp;<\/td><td>&nbsp;<\/td><td>&nbsp;<\/td><\/tr><tr><td>404435<\/td><td>Lepic\u00ed p\u00e1ska 50mmx25m st\u0159\u00edbrn\u00e1 Tesa<\/td><td>ks<\/td><td>95,00<\/td><td>&nbsp;<\/td><\/tr><tr><td>&nbsp;<\/td><td>&nbsp;<\/td><td>&nbsp;<\/td><td>&nbsp;<\/td><td>&nbsp;<\/td><\/tr><tr><td>404440<\/td><td>P\u00e1ska lep\u00edc\u00ed&nbsp; 19mmx25m + odv\u00edje\u010d<\/td><td>ks<\/td><td>19,00<\/td><td>&nbsp;<\/td><\/tr><tr><td>&nbsp;<\/td><td>&nbsp;<\/td><td>&nbsp;<\/td><td>&nbsp;<\/td><td>&nbsp;<\/td><\/tr><tr><td>404441<\/td><td>P\u00e1ska lep.oboustr.50mm\/10m<\/td><td>ks<\/td><td>40,90<\/td><td>&nbsp;<\/td><\/tr><tr><td>&nbsp;<\/td><td>&nbsp;<\/td><td>&nbsp;<\/td><td>&nbsp;<\/td><td>&nbsp;<\/td><\/tr><tr><td>404450<\/td><td>Bal\u00edc\u00ed strojek<\/td><td>ks<\/td><td>135,00<\/td><td>&nbsp;<\/td><\/tr><tr><td>&nbsp;<\/td><td>&nbsp;<\/td><td>&nbsp;<\/td><td>&nbsp;<\/td><td>&nbsp;<\/td><\/tr><tr><td>404452<\/td><td>Odv\u00edje\u010d ru\u010dn\u00ed na 19mmx33m<\/td><td>ks<\/td><td>47,90<\/td><td>&nbsp;<\/td><\/tr><tr><td>&nbsp;<\/td><td>&nbsp;<\/td><td>&nbsp;<\/td><td>&nbsp;<\/td><td>&nbsp;<\/td><\/tr><tr><td>404453<\/td><td>Odv\u00edje\u010d stoln\u00ed Donau 19mm<\/td><td>ks<\/td><td>59,90<\/td><td>&nbsp;<\/td><\/tr><tr><td>&nbsp;<\/td><td>&nbsp;<\/td><td>&nbsp;<\/td><td>&nbsp;<\/td><td>&nbsp;<\/td><\/tr><tr><td>404456<\/td><td>Balic\u00ed strojek TESA barevn\u00fd<\/td><td>ks<\/td><td>222,00<\/td><td>&nbsp;<\/td><\/tr><tr><td>&nbsp;<\/td><td>&nbsp;<\/td><td>&nbsp;<\/td><td>&nbsp;<\/td><td>&nbsp;<\/td><\/tr><tr><td>405002<\/td><td>Gumi\u010dky BRONS jednodruhov\u00e9 50g<\/td><td>ks<\/td><td>24,70<\/td><td><\/td><\/tr><tr><td><\/td><td><\/td><td><\/td><td><\/td><td><\/td><\/tr><tr><td>405003<\/td><td>Gumi\u010dky 30g mix<\/td><td>ks<\/td><td>10,80<\/td><td>&nbsp;<\/td><\/tr><tr><td>&nbsp;<\/td><td>&nbsp;<\/td><td>&nbsp;<\/td><td>&nbsp;<\/td><td>&nbsp;<\/td><\/tr><tr><td>405006<\/td><td>Gumi\u010dky &#8211; mix &#8211; 1kg<\/td><td>bal<\/td><td>142,00<\/td><td>&nbsp;<\/td><\/tr><tr><td>&nbsp;<\/td><td>&nbsp;<\/td><td>&nbsp;<\/td><td>&nbsp;<\/td><td>&nbsp;<\/td><\/tr><\/tbody><\/table><\/figure>\n","protected":false},"excerpt":{"rendered":"<p>Ozna\u010den\u00ed N\u00e1zev mjp Cena bez DPH &nbsp; 404300 Motouz ln\u011bn\u00fd 40g trikolora ks 32,90 &nbsp; &nbsp; &nbsp; &nbsp; &nbsp; &nbsp;<\/p>\n","protected":false},"author":1,"featured_media":0,"parent":278,"menu_order":0,"comment_status":"closed","ping_status":"closed","template":"","meta":{"colormag_page_container_layout":"default_layout","colormag_page_sidebar_layout":"default_layout","footnotes":""},"class_list":["post-354","page","type-page","status-publish","hentry"],"_links":{"self":[{"href":"https:\/\/www.phcentrum.cz\/index.php\/wp-json\/wp\/v2\/pages\/354","targetHints":{"allow":["GET"]}}],"collection":[{"href":"https:\/\/www.phcentrum.cz\/index.php\/wp-json\/wp\/v2\/pages"}],"about":[{"href":"https:\/\/www.phcentrum.cz\/index.php\/wp-json\/wp\/v2\/types\/page"}],"author":[{"embeddable":true,"href":"https:\/\/www.phcentrum.cz\/index.php\/wp-json\/wp\/v2\/users\/1"}],"replies":[{"embeddable":true,"href":"https:\/\/www.phcentrum.cz\/index.php\/wp-json\/wp\/v2\/comments?post=354"}],"version-history":[{"count":33,"href":"https:\/\/www.phcentrum.cz\/index.php\/wp-json\/wp\/v2\/pages\/354\/revisions"}],"predecessor-version":[{"id":35170,"href":"https:\/\/www.phcentrum.cz\/index.php\/wp-json\/wp\/v2\/pages\/354\/revisions\/35170"}],"up":[{"embeddable":true,"href":"https:\/\/www.phcentrum.cz\/index.php\/wp-json\/wp\/v2\/pages\/278"}],"wp:attachment":[{"href":"https:\/\/www.phcentrum.cz\/index.php\/wp-json\/wp\/v2\/media?parent=354"}],"curies":[{"name":"wp","href":"https:\/\/api.w.org\/{rel}","templated":true}]}}