{"id":342,"date":"2018-11-17T11:03:39","date_gmt":"2018-11-17T11:03:39","guid":{"rendered":"http:\/\/www.phcentrum.cz\/?page_id=342"},"modified":"2026-04-22T10:18:06","modified_gmt":"2026-04-22T10:18:06","slug":"derovacky-sesivacky-dratky-a-spony","status":"publish","type":"page","link":"https:\/\/www.phcentrum.cz\/index.php\/cenik\/derovacky-sesivacky-dratky-a-spony\/","title":{"rendered":"D\u011brova\u010dky, se\u0161\u00edva\u010dky, dr\u00e1tky a spony"},"content":{"rendered":"\n<figure class=\"wp-block-table is-style-stripes\"><table><tbody><tr><td><strong>Ozna\u010den\u00ed<\/strong><\/td><td><strong>N\u00e1zev<\/strong><\/td><td><strong>mjp<\/strong><\/td><td><strong>Cena bez DPH<\/strong><\/td><\/tr><tr><td>401001<\/td><td>D\u011brova\u010d AION 10G &#8211; 10ls<\/td><td>ks<\/td><td>79,00<\/td><\/tr><tr><td><\/td><td><\/td><td><\/td><td><\/td><\/tr><tr><td>401002<\/td><td>D\u011brova\u010d AION 20 &#8211; 20ls<\/td><td>ks<\/td><td>116,00<\/td><\/tr><tr><td><\/td><td><\/td><td><\/td><td><\/td><\/tr><tr><td>401003<\/td><td>D\u011brova\u010d Novus B230 &#8211; 30ls<\/td><td>ks<\/td><td>180,00<\/td><\/tr><tr><td><\/td><td><\/td><td><\/td><td><\/td><\/tr><tr><td>401007<\/td><td>D\u011brova\u010d Novus &#8211; 16ls<\/td><td>ks<\/td><td>98,00<\/td><\/tr><tr><td><\/td><td><\/td><td><\/td><td><\/td><\/tr><tr><td>401020<\/td><td>D\u011brova\u010d Rapesco 825 25ls<\/td><td>ks<\/td><td>153,00<\/td><\/tr><tr><td><\/td><td><\/td><td><\/td><td><\/td><\/tr><tr><td>401030<\/td><td>D\u011brova\u010d Novus &#8211; 25ls<\/td><td>ks<\/td><td>171,00<\/td><\/tr><tr><td><\/td><td><\/td><td><\/td><td><\/td><\/tr><tr><td>401047<\/td><td>D\u011brova\u010d Novus B240<\/td><td>ks<\/td><td>495,00<\/td><\/tr><tr><td><\/td><td><\/td><td><\/td><td><\/td><\/tr><tr><td>401060<\/td><td>D\u011brova\u010d Raion 2040 dvojit\u00fd<\/td><td>ks<\/td><td>228,00<\/td><\/tr><tr><td><\/td><td><\/td><td><\/td><td><\/td><\/tr><tr><td>401101<\/td><td>Roze\u0161\u00edva\u010d dr\u00e1tk\u016f<\/td><td>ks<\/td><td>18,90<\/td><\/tr><tr><td><\/td><td><\/td><td><\/td><td><\/td><\/tr><tr><td>401104<\/td><td>Se\u0161\u00edva\u010dka kovov\u00e1 Victoria &#8211; 30ls<\/td><td>ks<\/td><td>110,00<\/td><\/tr><tr><td><\/td><td><\/td><td><\/td><td><\/td><\/tr><tr><td>401116<\/td><td>Se\u0161\u00edva\u010dka Novus kovov\u00e1 30ls<\/td><td>ks<\/td><td>163,00<\/td><\/tr><tr><td><\/td><td><\/td><td><\/td><td><\/td><\/tr><tr><td>401118<\/td><td>Se\u0161\u00edva\u010dka BOXER 300<\/td><td>ks<\/td><td>99,00<\/td><\/tr><tr><td><\/td><td><\/td><td><\/td><td><\/td><\/tr><tr><td>401130<\/td><td>Se\u0161\u00edva\u010d NOWA 10 &#8211; 15ls<\/td><td>ks<\/td><td>56,00<\/td><\/tr><tr><td><\/td><td><\/td><td><\/td><td><\/td><\/tr><tr><td>401132<\/td><td>Se\u0161\u00edva\u010d NOWA 335 &#8211; 30ls<\/td><td>ks<\/td><td>124,90<\/td><\/tr><tr><td><\/td><td><\/td><td><\/td><td><\/td><\/tr><tr><td>401133<\/td><td>Se\u0161\u00edva\u010d NOWA 335S &#8211; 30ls &#8211; celokovov\u00e1<\/td><td>ks<\/td><td>195,00<\/td><\/tr><tr><td><\/td><td><\/td><td><\/td><td><\/td><\/tr><tr><td>401138<\/td><td>Se\u0161\u00edva\u010dka SAX 49&nbsp; 25list\u016f<\/td><td>ks<\/td><td>130,00<\/td><\/tr><tr><td><\/td><td><\/td><td><\/td><td><\/td><\/tr><tr><td>401150<\/td><td>Se\u0161\u00edva\u010dka Raion HD-210SL dlouh\u00e9 rameno<\/td><td>ks<\/td><td>215,00<\/td><\/tr><tr><td><\/td><td><\/td><td><\/td><td><\/td><\/tr><tr><td>401152<\/td><td>Se\u0161\u00edva\u010dka Novus B4 &#8211; 40ls<\/td><td>ks<\/td><td>158,00<\/td><\/tr><tr><td><\/td><td><\/td><td><\/td><td><\/td><\/tr><tr><td>401156<\/td><td>Se\u0161\u00edva\u010dka Rapesco AV 45<\/td><td>ks<\/td><td>599,00<\/td><\/tr><tr><td><\/td><td><\/td><td><\/td><td><\/td><\/tr><tr><td>401200<\/td><td>Spony do se\u0161. 24\/6&nbsp;&nbsp; 2000<\/td><td>bal<\/td><td>11,90<\/td><\/tr><tr><td><\/td><td><\/td><td><\/td><td><\/td><\/tr><tr><td>401209<\/td><td>Spony do se\u0161. 26\/6 SAX<\/td><td>bal.<\/td><td>7,80<\/td><\/tr><tr><td><\/td><td><\/td><td><\/td><td><\/td><\/tr><tr><td>401213<\/td><td>Spony do se\u0161. 10\/5 SAX<\/td><td>bal.<\/td><td>6,80<\/td><\/tr><tr><td><\/td><td><\/td><td><\/td><td><\/td><\/tr><tr><td>401214<\/td><td>Spony do se\u0161. 24\/10 SAX<\/td><td>bal.<\/td><td>13,00<\/td><\/tr><tr><td><\/td><td><\/td><td><\/td><td><\/td><\/tr><tr><td>401215<\/td><td>Spony do se\u0161. 24\/6 SAX<\/td><td>ks<\/td><td>13,80<\/td><\/tr><tr><td><\/td><td><\/td><td><\/td><td><\/td><\/tr><tr><td>401220<\/td><td>Spony do se\u0161. 24\/8 SAX<\/td><td>bal<\/td><td>19,90<\/td><\/tr><tr><td><\/td><td><\/td><td><\/td><td><\/td><\/tr><tr><td>401250<\/td><td>Spony kancel\u00e1\u0159sk\u00e9 461 \/ 25mm<\/td><td>ks<\/td><td>11,50<\/td><\/tr><tr><td><\/td><td><\/td><td><\/td><td><\/td><\/tr><tr><td>401251<\/td><td>Spony kancel\u00e1\u0159sk\u00e9 22mm \/100x<\/td><td>ks<\/td><td>6,00<\/td><\/tr><tr><td><\/td><td><\/td><td><\/td><td><\/td><\/tr><tr><td>401252<\/td><td>Spony kancel\u00e1\u0159sk\u00e9 452 \/ 28mm<\/td><td>bal<\/td><td>6,70<\/td><\/tr><tr><td><\/td><td><\/td><td><\/td><td><\/td><\/tr><tr><td>401254<\/td><td>Spony kancel\u00e1\u0159sk\u00e9 453 \/ 32mm<\/td><td>bal<\/td><td>7,00<\/td><\/tr><tr><td><\/td><td><\/td><td><\/td><td><\/td><\/tr><tr><td>401257<\/td><td>Spony aktov\u00e9 barevn\u00e9 \/50mm<\/td><td>bal<\/td><td>31,90<\/td><\/tr><tr><td><\/td><td><\/td><td><\/td><td><\/td><\/tr><tr><td>401258<\/td><td>Spony aktov\u00e9 75mm \/50x<\/td><td>ks<\/td><td>22,00<\/td><\/tr><tr><td><\/td><td><\/td><td><\/td><td><\/td><\/tr><tr><td>401260<\/td><td>Spony aktov\u00e9 50mm \/50x<\/td><td>ks<\/td><td>9,50<\/td><\/tr><tr><td><\/td><td><\/td><td><\/td><td><\/td><\/tr><tr><td>401261<\/td><td>Spony aktov\u00e9 75mm \/20x<\/td><td>ks<\/td><td>13,00<\/td><\/tr><tr><td><\/td><td><\/td><td><\/td><td><\/td><\/tr><tr><td>401265<\/td><td>Spony kancel\u00e1\u0159sk\u00e9 33mm barevn\u00e9<\/td><td>bal<\/td><td>12,80<\/td><\/tr><tr><td><\/td><td><\/td><td><\/td><td><\/td><\/tr><tr><td>401267<\/td><td>Spony 26mm kovov\u00e9 \/1200x<\/td><td>bal<\/td><td>110,00<\/td><\/tr><tr><td><\/td><td><\/td><td><\/td><td><\/td><\/tr><tr><td>401268<\/td><td>Spony kancel\u00e1\u0159sk\u00e9 28mm barevn\u00e9 \/100x<\/td><td>ks<\/td><td>28,00<\/td><\/tr><tr><td><\/td><td><\/td><td><\/td><td><\/td><\/tr><tr><td>401300<\/td><td>P\u0159ip\u00edn\u00e1\u010dky barevn\u00e9 plast-kov \/50x<\/td><td>bal.<\/td><td>15,00<\/td><\/tr><tr><td><\/td><td><\/td><td><\/td><td><\/td><\/tr><tr><td>401301<\/td><td>P\u0159ip\u00edn\u00e1\u010dky 223 mal\u00e9 \/ 100ks<\/td><td>bal<\/td><td>19,90<\/td><\/tr><tr><td><\/td><td><\/td><td><\/td><td><\/td><\/tr><tr><td>401303<\/td><td>P\u0159ip\u00edn\u00e1\u010dky 202 kobercov\u00e9 \/ 75ks<\/td><td>ks<\/td><td>40,70<\/td><\/tr><tr><td><\/td><td><\/td><td><\/td><td><\/td><\/tr><tr><td>401318<\/td><td>\u0160pendl\u00edky zav\u00edrac\u00ed 30mm \/50x<\/td><td>ks<\/td><td>17,00<\/td><\/tr><tr><td><\/td><td><\/td><td><\/td><td><\/td><\/tr><tr><td>401319<\/td><td>\u0160pendl\u00edky &#8211; kulat\u00e1 hl. \/100x<\/td><td>ks<\/td><td>33,00<\/td><\/tr><tr><td><\/td><td><\/td><td><\/td><td><\/td><\/tr><tr><td>401320<\/td><td>\u0160pendl\u00edky 430 \/ 200ks<\/td><td>bal<\/td><td>19,90<\/td><\/tr><tr><td><\/td><td><\/td><td><\/td><td><\/td><\/tr><tr><td>401322<\/td><td>Nap\u00edn\u00e1\u010dky do n\u00e1st\u011bnky transparentn\u00ed 30x<\/td><td>ks<\/td><td>17,90<\/td><\/tr><tr><td><\/td><td><\/td><td><\/td><td><\/td><\/tr><tr><td>401323<\/td><td>Nap\u00edn\u00e1\u010dky do n\u00e1st\u011bnky barevn\u00e9 100x<\/td><td>ks<\/td><td>22,00<\/td><\/tr><tr><td><\/td><td><\/td><td><\/td><td><\/td><\/tr><tr><td>401325<\/td><td>\u0160pendl\u00edky 431<\/td><td>bal<\/td><td>21,80<\/td><\/tr><tr><td><\/td><td><\/td><td><\/td><td><\/td><\/tr><tr><td>482100<\/td><td>Klip kovov\u00fd 15mm<\/td><td>ks<\/td><td>10,00<\/td><\/tr><tr><td><\/td><td><\/td><td><\/td><td><\/td><\/tr><tr><td>482103<\/td><td>Klip kovov\u00fd 32mm<\/td><td>ks<\/td><td>28,00<\/td><\/tr><tr><td><\/td><td><\/td><td><\/td><td><\/td><\/tr><tr><td>482104<\/td><td>Klip kovov\u00fd 41mm<\/td><td>ks<\/td><td>40,00<\/td><\/tr><tr><td><\/td><td><\/td><td><\/td><td><\/td><\/tr><tr><td>482105<\/td><td>Klip kovov\u00fd 51mm<\/td><td>ks<\/td><td>52,00<\/td><\/tr><tr><td><\/td><td><\/td><td><\/td><td><\/td><\/tr><tr><td>482121<\/td><td>Klip kovov\u00fd&nbsp; barevn\u00fd 19mm \/12x<\/td><td>kr<\/td><td>18,60<\/td><\/tr><tr><td><\/td><td><\/td><td><\/td><td><\/td><\/tr><tr><td>482122<\/td><td>Klip kovov\u00fd barevn\u00fd 25mm \/12x<\/td><td>bal<\/td><td>23,00<\/td><\/tr><tr><td><\/td><td><\/td><td><\/td><td><\/td><\/tr><tr><td>482149<\/td><td>Klip 22mm<\/td><td>ks<\/td><td>2,00<\/td><\/tr><tr><td><\/td><td><\/td><td><\/td><td><\/td><\/tr><tr><td>482151<\/td><td>Klip 50mm s magnetem<\/td><td>ks<\/td><td>16,50<\/td><\/tr><tr><td><\/td><td><\/td><td><\/td><td><\/td><\/tr><\/tbody><\/table><\/figure>\n","protected":false},"excerpt":{"rendered":"<p>Ozna\u010den\u00ed N\u00e1zev mjp Cena bez DPH 401001 D\u011brova\u010d AION 10G &#8211; 10ls ks 79,00 401002 D\u011brova\u010d AION 20 &#8211; 20ls<\/p>\n","protected":false},"author":1,"featured_media":0,"parent":278,"menu_order":0,"comment_status":"closed","ping_status":"closed","template":"","meta":{"colormag_page_container_layout":"default_layout","colormag_page_sidebar_layout":"default_layout","footnotes":""},"class_list":["post-342","page","type-page","status-publish","hentry"],"_links":{"self":[{"href":"https:\/\/www.phcentrum.cz\/index.php\/wp-json\/wp\/v2\/pages\/342","targetHints":{"allow":["GET"]}}],"collection":[{"href":"https:\/\/www.phcentrum.cz\/index.php\/wp-json\/wp\/v2\/pages"}],"about":[{"href":"https:\/\/www.phcentrum.cz\/index.php\/wp-json\/wp\/v2\/types\/page"}],"author":[{"embeddable":true,"href":"https:\/\/www.phcentrum.cz\/index.php\/wp-json\/wp\/v2\/users\/1"}],"replies":[{"embeddable":true,"href":"https:\/\/www.phcentrum.cz\/index.php\/wp-json\/wp\/v2\/comments?post=342"}],"version-history":[{"count":34,"href":"https:\/\/www.phcentrum.cz\/index.php\/wp-json\/wp\/v2\/pages\/342\/revisions"}],"predecessor-version":[{"id":36157,"href":"https:\/\/www.phcentrum.cz\/index.php\/wp-json\/wp\/v2\/pages\/342\/revisions\/36157"}],"up":[{"embeddable":true,"href":"https:\/\/www.phcentrum.cz\/index.php\/wp-json\/wp\/v2\/pages\/278"}],"wp:attachment":[{"href":"https:\/\/www.phcentrum.cz\/index.php\/wp-json\/wp\/v2\/media?parent=342"}],"curies":[{"name":"wp","href":"https:\/\/api.w.org\/{rel}","templated":true}]}}