{"id":329,"date":"2018-11-17T10:22:59","date_gmt":"2018-11-17T10:22:59","guid":{"rendered":"http:\/\/www.phcentrum.cz\/?page_id=329"},"modified":"2026-04-22T10:14:22","modified_gmt":"2026-04-22T10:14:22","slug":"pravitka-kruzitka-nuzky-a-orezavatka","status":"publish","type":"page","link":"https:\/\/www.phcentrum.cz\/index.php\/cenik\/pravitka-kruzitka-nuzky-a-orezavatka\/","title":{"rendered":"Prav\u00edtka, kru\u017e\u00edtka, n\u016f\u017eky a o\u0159ez\u00e1v\u00e1tka"},"content":{"rendered":"\n<figure class=\"wp-block-table is-style-stripes\"><table><tbody><tr><td><strong>Ozna\u010den\u00ed<\/strong><\/td><td><strong>N\u00e1zev<\/strong><\/td><td><strong>mjp<\/strong><\/td><td><strong>Cena bez DPH<\/strong><\/td><\/tr><tr><td>400524<\/td><td>Kru\u017e\u00edtko ICO sada<\/td><td>ks<\/td><td>47,00<\/td><\/tr><tr><td><\/td><td><\/td><td><\/td><td><\/td><\/tr><tr><td>401495<\/td><td>R\u00fdsovac\u00ed sada 9500 &#8211; prav\u00edtka + \u00fahlom\u011br<\/td><td>ks<\/td><td>38,00<\/td><\/tr><tr><td><\/td><td><\/td><td><\/td><td><\/td><\/tr><tr><td>401500<\/td><td>Troj\u00faheln\u00edk s ryskou<\/td><td>ks<\/td><td>16,90<\/td><\/tr><tr><td><\/td><td><\/td><td><\/td><td><\/td><\/tr><tr><td>401501<\/td><td>Troj\u00faheln\u00edk s ryskou barevn\u00fd<\/td><td>ks<\/td><td>17,50<\/td><\/tr><tr><td><\/td><td><\/td><td><\/td><td><\/td><\/tr><tr><td>401502<\/td><td>Troj\u00faheln\u00edk s ryskou &#8211; \u00fahlom\u011br<\/td><td>ks<\/td><td>12,80<\/td><\/tr><tr><td><\/td><td><\/td><td><\/td><td><\/td><\/tr><tr><td>401503<\/td><td>\u00dahlom\u011br 180\u00b0 plastov\u00fd<\/td><td>ks<\/td><td>11,90<\/td><\/tr><tr><td><\/td><td><\/td><td><\/td><td><\/td><\/tr><tr><td>401504<\/td><td>\u00dahlom\u011br 360\u00b0<\/td><td>ks<\/td><td>15,90<\/td><\/tr><tr><td><\/td><td><\/td><td><\/td><td><\/td><\/tr><tr><td>401505<\/td><td>Troj\u00faheln\u00edk s ryskou &#8211; v\u00fd\u0159ezy<\/td><td>ks<\/td><td>21,50<\/td><\/tr><tr><td><\/td><td><\/td><td><\/td><td><\/td><\/tr><tr><td>401509<\/td><td>\u0160ablona<\/td><td>ks<\/td><td>34,00<\/td><\/tr><tr><td><\/td><td><\/td><td><\/td><td><\/td><\/tr><tr><td>401510<\/td><td>Prav\u00edtko 20 cm<\/td><td>ks<\/td><td>11,50<\/td><\/tr><tr><td><\/td><td><\/td><td><\/td><td><\/td><\/tr><tr><td>401511<\/td><td>Prav\u00edtko 30cm barevn\u00e9<\/td><td>ks<\/td><td>15,70<\/td><\/tr><tr><td><\/td><td><\/td><td><\/td><td><\/td><\/tr><tr><td>401512<\/td><td>Prav\u00edtko 30 cm<\/td><td>ks<\/td><td>11,90<\/td><\/tr><tr><td><\/td><td><\/td><td><\/td><td><\/td><\/tr><tr><td>401513<\/td><td>Prav\u00edtko 40 cm<\/td><td>ks<\/td><td>24,90<\/td><\/tr><tr><td><\/td><td><\/td><td><\/td><td><\/td><\/tr><tr><td>401515<\/td><td>Prav\u00edtko 50 cm<\/td><td>ks<\/td><td>37,90<\/td><\/tr><tr><td><\/td><td><\/td><td><\/td><td><\/td><\/tr><tr><td>401516<\/td><td>Prav\u00edtko 17cm<\/td><td>ks<\/td><td>11,80<\/td><\/tr><tr><td><\/td><td><\/td><td><\/td><td><\/td><\/tr><tr><td>401517<\/td><td>Prav\u00edtko 30cm ohebn\u00e9<\/td><td>ks<\/td><td>19,90<\/td><\/tr><tr><td><\/td><td><\/td><td><\/td><td><\/td><\/tr><tr><td>401518<\/td><td>Prav\u00edtko 15cm ohebn\u00e9<\/td><td>ks<\/td><td>13,00<\/td><\/tr><tr><td><\/td><td><\/td><td><\/td><td><\/td><\/tr><tr><td>401520<\/td><td>N\u016f\u017eky SPOKO &#8211; 0536 &#8211; 18cm<\/td><td>ks<\/td><td>33,90<\/td><\/tr><tr><td><\/td><td><\/td><td><\/td><td><\/td><\/tr><tr><td>401521<\/td><td>N\u016f\u017eky SPOKO &#8211; 0532 &#8211; 18cm barevn\u00e9<\/td><td>ks<\/td><td>43,00<\/td><\/tr><tr><td><\/td><td><\/td><td><\/td><td><\/td><\/tr><tr><td>401522<\/td><td>N\u016f\u017eky SPOKO 12cm<\/td><td>ks<\/td><td>17,00<\/td><\/tr><tr><td><\/td><td><\/td><td><\/td><td><\/td><\/tr><tr><td>401523<\/td><td>N\u016f\u017eky SPOKO &#8211; 0537 &#8211; 21cm<\/td><td>ks<\/td><td>44,00<\/td><\/tr><tr><td><\/td><td><\/td><td><\/td><td><\/td><\/tr><tr><td>401524<\/td><td>N\u016f\u017eky SPOKO &#8211; 0539 &#8211; 26cm<\/td><td>ks<\/td><td>59,00<\/td><\/tr><tr><td><\/td><td><\/td><td><\/td><td><\/td><\/tr><tr><td>401525<\/td><td>N\u016f\u017eky SPOKO 0522 kovov\u00e9 17cm<\/td><td>ks<\/td><td>54,00<\/td><\/tr><tr><td><\/td><td><\/td><td><\/td><td><\/td><\/tr><tr><td>401526<\/td><td>N\u016f\u017eky SPOKO 0523 kovov\u00e9 20cm<\/td><td>ks<\/td><td>74,00<\/td><\/tr><tr><td><\/td><td><\/td><td><\/td><td><\/td><\/tr><tr><td>401528<\/td><td>N\u016f\u017eky SPOKO &#8211; 0535 &#8211; 15cm<\/td><td>ks<\/td><td>29,00<\/td><\/tr><tr><td><\/td><td><\/td><td><\/td><td><\/td><\/tr><tr><td>401529<\/td><td>N\u016f\u017eky 20,5cm pro lev\u00e1ky<\/td><td>ks<\/td><td>36,00<\/td><\/tr><tr><td><\/td><td><\/td><td><\/td><td><\/td><\/tr><tr><td>401530<\/td><td>N\u016f\u017eky \u0161koln\u00ed pro lev\u00e1ky 12cm<\/td><td>ks<\/td><td>23,00<\/td><\/tr><tr><td><\/td><td><\/td><td><\/td><td><\/td><\/tr><tr><td>401531<\/td><td>N\u016f\u017eky pro lev\u00e1ky &#8211; \u0161pi\u010dat\u00e9 barevn\u00e9<\/td><td>ks<\/td><td>51,90<\/td><\/tr><tr><td><\/td><td><\/td><td><\/td><td><\/td><\/tr><tr><td>401533<\/td><td>N\u016f\u017eky kreativn\u00ed &#8211; mix tvar\u016f<\/td><td>ks<\/td><td>39,00<\/td><\/tr><tr><td><\/td><td><\/td><td><\/td><td><\/td><\/tr><tr><td>401535<\/td><td>N\u016f\u017eky 12,5 cm ostr\u00e1 \u0161pi\u010dka<\/td><td>ks<\/td><td>40,50<\/td><\/tr><tr><td><\/td><td><\/td><td><\/td><td><\/td><\/tr><tr><td>401538<\/td><td>N\u016f\u017eky nerez \u0161pi\u010dat\u00e9<\/td><td>ks<\/td><td>97,00<\/td><\/tr><tr><td><\/td><td><\/td><td><\/td><td><\/td><\/tr><tr><td>401540<\/td><td>N\u016f\u017e ulamovac\u00ed mal\u00fd<\/td><td>ks<\/td><td>8,90<\/td><\/tr><tr><td><\/td><td><\/td><td><\/td><td><\/td><\/tr><tr><td>401542<\/td><td>N\u016f\u017e ulamovac\u00ed velk\u00fd oby\u010d<\/td><td>ks<\/td><td>28,00<\/td><\/tr><tr><td><\/td><td><\/td><td><\/td><td><\/td><\/tr><tr><td>401544<\/td><td>N\u016f\u017e ulamovac\u00ed velk\u00fd<\/td><td>ks<\/td><td>33,00<\/td><\/tr><tr><td><\/td><td><\/td><td><\/td><td><\/td><\/tr><tr><td>401556<\/td><td>N\u016f\u017e na dopisy<\/td><td>ks<\/td><td>29,00<\/td><\/tr><tr><td><\/td><td><\/td><td><\/td><td><\/td><\/tr><tr><td>401560<\/td><td>O\u0159ez\u00e1v\u00e1tko kovov\u00e9<\/td><td>ks<\/td><td>5,70<\/td><\/tr><tr><td><\/td><td><\/td><td><\/td><td><\/td><\/tr><tr><td>401561<\/td><td>O\u0159ez\u00e1v\u00e1tko kovov\u00e9 dvoj.<\/td><td>ks<\/td><td>8,50<\/td><\/tr><tr><td><\/td><td><\/td><td><\/td><td><\/td><\/tr><tr><td>401562<\/td><td>O\u0159ez\u00e1v\u00e1tko Clipper + z\u00e1sobn\u00edk<\/td><td>ks<\/td><td>5,00<\/td><\/tr><tr><td><\/td><td><\/td><td><\/td><td><\/td><\/tr><tr><td>401565<\/td><td>O\u0159ez\u00e1v\u00e1tko plast<\/td><td>ks<\/td><td>2,30<\/td><\/tr><tr><td><\/td><td><\/td><td><\/td><td><\/td><\/tr><tr><td>401566<\/td><td>O\u0159ez\u00e1v\u00e1tko &#8211; velk\u00e1 tu\u017eka<\/td><td>ks<\/td><td>40,90<\/td><\/tr><tr><td><\/td><td><\/td><td><\/td><td><\/td><\/tr><tr><td>401568<\/td><td>O\u0159ez\u00e1vac\u00ed strojek stoln\u00ed mechanick\u00fd<\/td><td>ks<\/td><td>135,00<\/td><\/tr><tr><td><\/td><td><\/td><td><\/td><td><\/td><\/tr><tr><td>401570<\/td><td>O\u0159ez\u00e1vac\u00ed strojek bateriov\u00fd<\/td><td>ks<\/td><td>125,00<\/td><\/tr><tr><td><\/td><td><\/td><td><\/td><td><\/td><\/tr><tr><td>401571<\/td><td>O\u0159ez\u00e1vac\u00ed strojek bateriov\u00fd dvojit\u00fd<\/td><td>ks<\/td><td>259,00<\/td><\/tr><tr><td><\/td><td><\/td><td><\/td><td><\/td><\/tr><tr><td>401572<\/td><td>O\u0159ez\u00e1v\u00e1tko SPOKO 0384<\/td><td>ks<\/td><td>6,80<\/td><\/tr><tr><td><\/td><td><\/td><td><\/td><td><\/td><\/tr><tr><td>401573<\/td><td>O\u0159ez\u00e1v\u00e1tko SPOKO 0385 dvojit\u00e9<\/td><td>ks<\/td><td>11,90<\/td><\/tr><tr><td><\/td><td><\/td><td><\/td><td><\/td><\/tr><tr><td>401710<\/td><td>Datumovka Trodat TR 4810<\/td><td>ks<\/td><td>153,00<\/td><\/tr><tr><td><\/td><td><\/td><td><\/td><td><\/td><\/tr><tr><td>401730<\/td><td>Raz\u00edtkov\u00e1 barva<\/td><td>ks<\/td><td>41,90<\/td><\/tr><tr><td><\/td><td><\/td><td><\/td><td><\/td><\/tr><tr><td>401738<\/td><td>Raz\u00edtko Trodat 4913<\/td><td>ks<\/td><td>319,00<\/td><\/tr><tr><td><\/td><td><\/td><td><\/td><td><\/td><\/tr><tr><td>401740<\/td><td>Raz\u00edtkov\u00e1 podu\u0161ka st\u0159edn\u00ed<\/td><td>ks<\/td><td>84,00<\/td><\/tr><tr><td><\/td><td><\/td><td><\/td><td><\/td><\/tr><tr><td>401741<\/td><td>Raz\u00edtkov\u00e1 podu\u0161ka mal\u00e1<\/td><td>ks<\/td><td>56,00<\/td><\/tr><tr><td><\/td><td><\/td><td><\/td><td><\/td><\/tr><tr><td>401742<\/td><td>Raz\u00edtkov\u00e1 podu\u0161ka velk\u00e1<\/td><td>ks<\/td><td>112,00<\/td><\/tr><tr><td><\/td><td><\/td><td><\/td><td><\/td><\/tr><tr><td>401743<\/td><td>Pol\u0161t\u00e1\u0159ek Trodat 4911<\/td><td>ks<\/td><td>84,50<\/td><\/tr><tr><td><\/td><td><\/td><td><\/td><td><\/td><\/tr><tr><td>401744<\/td><td>Pol\u0161t\u00e1\u0159ek Trodat 4913<\/td><td>ks<\/td><td>113,00<\/td><\/tr><tr><td><\/td><td><\/td><td><\/td><td><\/td><\/tr><tr><td>401746<\/td><td>Pol\u0161t\u00e1\u0159ek Trodat 4912<\/td><td>ks<\/td><td>94,00<\/td><\/tr><tr><td><\/td><td><\/td><td><\/td><td><\/td><\/tr><tr><td>401750<\/td><td>Inkoust modr\u00fd 50g<\/td><td>ks<\/td><td>25,90<\/td><\/tr><tr><td><\/td><td><\/td><td><\/td><td><\/td><\/tr><tr><td>401755<\/td><td>Tu\u0161 \u010dern\u00e1 20g<\/td><td>ks<\/td><td>22,00<\/td><\/tr><tr><td><\/td><td><\/td><td><\/td><td><\/td><\/tr><tr><td>401760<\/td><td>Pol\u0161t\u00e1\u0159ek navlh\u010dovac\u00ed<\/td><td>ks<\/td><td>19,80<\/td><\/tr><tr><td><\/td><td><\/td><td><\/td><td><\/td><\/tr><tr><td>401761<\/td><td>Pol\u0161t\u00e1\u0159ek navlh\u010dovac\u00ed glycerinov\u00fd<\/td><td>ks<\/td><td>33,00<\/td><\/tr><tr><td><\/td><td><\/td><td><\/td><td><\/td><\/tr><tr><td>401801<\/td><td>Kru\u017e\u00edtko 940 &#8211; barevn\u00e9<\/td><td>ks<\/td><td>21,90<\/td><\/tr><tr><td><\/td><td><\/td><td><\/td><td><\/td><\/tr><tr><td>401803<\/td><td>Kru\u017e\u00edtko Spoko S0512<\/td><td>ks<\/td><td>33,00<\/td><\/tr><tr><td><\/td><td><\/td><td><\/td><td><\/td><\/tr><tr><td>401804<\/td><td>Kru\u017e\u00edtko Spoko S0514<\/td><td>ks<\/td><td>55,00<\/td><\/tr><tr><td><\/td><td><\/td><td><\/td><td><\/td><\/tr><tr><td>401805<\/td><td>Kru\u017e\u00edtko Spoko S0515<\/td><td>ks<\/td><td>93,00<\/td><\/tr><tr><td><\/td><td><\/td><td><\/td><td><\/td><\/tr><tr><td>401807<\/td><td>Kru\u017e\u00edtko Faber-Castell<\/td><td>ks<\/td><td>112,00<\/td><\/tr><tr><td><\/td><td><\/td><td><\/td><td><\/td><\/tr><\/tbody><\/table><\/figure>\n","protected":false},"excerpt":{"rendered":"<p>Ozna\u010den\u00ed N\u00e1zev mjp Cena bez DPH 400524 Kru\u017e\u00edtko ICO sada ks 47,00 401495 R\u00fdsovac\u00ed sada 9500 &#8211; prav\u00edtka + \u00fahlom\u011br<\/p>\n","protected":false},"author":1,"featured_media":0,"parent":278,"menu_order":0,"comment_status":"closed","ping_status":"closed","template":"","meta":{"colormag_page_container_layout":"default_layout","colormag_page_sidebar_layout":"default_layout","footnotes":""},"class_list":["post-329","page","type-page","status-publish","hentry"],"_links":{"self":[{"href":"https:\/\/www.phcentrum.cz\/index.php\/wp-json\/wp\/v2\/pages\/329","targetHints":{"allow":["GET"]}}],"collection":[{"href":"https:\/\/www.phcentrum.cz\/index.php\/wp-json\/wp\/v2\/pages"}],"about":[{"href":"https:\/\/www.phcentrum.cz\/index.php\/wp-json\/wp\/v2\/types\/page"}],"author":[{"embeddable":true,"href":"https:\/\/www.phcentrum.cz\/index.php\/wp-json\/wp\/v2\/users\/1"}],"replies":[{"embeddable":true,"href":"https:\/\/www.phcentrum.cz\/index.php\/wp-json\/wp\/v2\/comments?post=329"}],"version-history":[{"count":51,"href":"https:\/\/www.phcentrum.cz\/index.php\/wp-json\/wp\/v2\/pages\/329\/revisions"}],"predecessor-version":[{"id":36155,"href":"https:\/\/www.phcentrum.cz\/index.php\/wp-json\/wp\/v2\/pages\/329\/revisions\/36155"}],"up":[{"embeddable":true,"href":"https:\/\/www.phcentrum.cz\/index.php\/wp-json\/wp\/v2\/pages\/278"}],"wp:attachment":[{"href":"https:\/\/www.phcentrum.cz\/index.php\/wp-json\/wp\/v2\/media?parent=329"}],"curies":[{"name":"wp","href":"https:\/\/api.w.org\/{rel}","templated":true}]}}