{"id":320,"date":"2018-10-20T18:33:46","date_gmt":"2018-10-20T18:33:46","guid":{"rendered":"http:\/\/www.phcentrum.cz\/?page_id=320"},"modified":"2026-04-22T10:11:33","modified_gmt":"2026-04-22T10:11:33","slug":"barvy-temperove-a-vodove-stetce-modelovaci-hmoty-a-doplnky","status":"publish","type":"page","link":"https:\/\/www.phcentrum.cz\/index.php\/cenik\/barvy-temperove-a-vodove-stetce-modelovaci-hmoty-a-doplnky\/","title":{"rendered":"Barvy temperov\u00e9 a vodov\u00e9, \u0161t\u011btce, modelovac\u00ed hmoty a dopl\u0148ky"},"content":{"rendered":"\n<figure class=\"wp-block-table is-style-stripes\"><table><tbody><tr><td><strong>Ozna\u010den\u00ed<\/strong><\/td><td><strong>N\u00e1zev<\/strong><\/td><td><strong>mjp<\/strong><\/td><td><strong>Cena bez DPH<\/strong><\/td><\/tr><tr><td>400450<\/td><td>Vodov\u00e9 barvy &#8211; mal\u00e9<\/td><td>ks<\/td><td>54,70<\/td><\/tr><tr><td><\/td><td><\/td><td><\/td><td><\/td><\/tr><tr><td>400451<\/td><td>Vodov\u00e9 barvy &#8211; velk\u00e9<\/td><td>ks<\/td><td>73,90<\/td><\/tr><tr><td><\/td><td><\/td><td><\/td><td><\/td><\/tr><tr><td>400452<\/td><td>Vodovky &#8211; anilinky &#8211; 12 barev<\/td><td>ks<\/td><td>99,90<\/td><\/tr><tr><td><\/td><td><\/td><td><\/td><td><\/td><\/tr><tr><td>400455<\/td><td>Tempera &#8211; b\u011bloba 50g<\/td><td>ks<\/td><td>26,50<\/td><\/tr><tr><td><\/td><td><\/td><td><\/td><td><\/td><\/tr><tr><td>400460<\/td><td>Tempery souprava 6ks KIN<\/td><td>ks<\/td><td>65,00<\/td><\/tr><tr><td><\/td><td><\/td><td><\/td><td><\/td><\/tr><tr><td>400462<\/td><td>Tempery Colorino kel\u00edmek &#8211; 12 barev<\/td><td>ks<\/td><td>98,00<\/td><\/tr><tr><td><\/td><td><\/td><td><\/td><td><\/td><\/tr><tr><td>400463<\/td><td>Tempery souprava 10ks KIN<\/td><td>ks<\/td><td>99,80<\/td><\/tr><tr><td><\/td><td><\/td><td><\/td><td><\/td><\/tr><tr><td>400466<\/td><td>Barvy &#8211; 6ks<\/td><td>ks<\/td><td>93,00<\/td><\/tr><tr><td><\/td><td><\/td><td><\/td><td><\/td><\/tr><tr><td>400467<\/td><td>Ubrus plastov\u00fd<\/td><td>ks<\/td><td>31,80<\/td><\/tr><tr><td><\/td><td><\/td><td><\/td><td><\/td><\/tr><tr><td>400468<\/td><td>Pastelky Colorino neonov\u00e9 6 barev<\/td><td>ks<\/td><td>46,00<\/td><\/tr><tr><td><\/td><td><\/td><td><\/td><td><\/td><\/tr><tr><td>400469<\/td><td>Barvy &#8211; metalick\u00e9 \/6x<\/td><td>ks<\/td><td>54,00<\/td><\/tr><tr><td><\/td><td><\/td><td><\/td><td><\/td><\/tr><tr><td>400471<\/td><td>Barvy na obli\u010dej jednotliv\u00e9<\/td><td>ks<\/td><td>18,90<\/td><\/tr><tr><td><\/td><td><\/td><td><\/td><td><\/td><\/tr><tr><td>400473<\/td><td>Barvy na obli\u010dej &#8211; 12ks<\/td><td>ks<\/td><td>125,00<\/td><\/tr><tr><td><\/td><td><\/td><td><\/td><td><\/td><\/tr><tr><td>400511<\/td><td>Model\u00edna leh\u010den\u00e1 90g &#8211; 10 barev<\/td><td>ks<\/td><td>57,80<\/td><\/tr><tr><td><\/td><td><\/td><td><\/td><td><\/td><\/tr><tr><td>400512<\/td><td>Model\u00edna 200g &#8211; 10 barev v pap\u00edrov\u00e9m obalu<\/td><td>ks<\/td><td>37,90<\/td><\/tr><tr><td><\/td><td><\/td><td><\/td><td><\/td><\/tr><tr><td>400513<\/td><td>Model\u00edna 100g &#8211; 5 barev<\/td><td>ks<\/td><td>24,00<\/td><\/tr><tr><td><\/td><td><\/td><td><\/td><td><\/td><\/tr><tr><td>400515<\/td><td>Model\u00edna 200g &#8211; 8 barev v kybl\u00edku<\/td><td>ks<\/td><td>197,00<\/td><\/tr><tr><td><\/td><td><\/td><td><\/td><td><\/td><\/tr><tr><td>400529<\/td><td>Paleta mal\u00ed\u0159sk\u00e1 elipsa<\/td><td>ks<\/td><td>16,90<\/td><\/tr><tr><td><\/td><td><\/td><td><\/td><td><\/td><\/tr><tr><td>400530<\/td><td>Kel\u00edmek<\/td><td>ks<\/td><td>24,00<\/td><\/tr><tr><td><\/td><td><\/td><td><\/td><td><\/td><\/tr><tr><td>400532<\/td><td>Model\u00edna Centropen 200g pap\u00edr<\/td><td>ks<\/td><td>29,90<\/td><\/tr><tr><td><\/td><td><\/td><td><\/td><td><\/td><\/tr><tr><td>400546<\/td><td>\u0160t\u011btce &#8222;creative&#8220; &#8211; sada 6ks<\/td><td>ks<\/td><td>87,00<\/td><\/tr><tr><td><\/td><td><\/td><td><\/td><td><\/td><\/tr><tr><td>400547<\/td><td>\u0160t\u011btce &#8222;JUMBO&#8220; &#8211; sada 5ks<\/td><td>ks<\/td><td>87,00<\/td><\/tr><tr><td><\/td><td><\/td><td><\/td><td><\/td><\/tr><tr><td>400548<\/td><td>\u0160t\u011btce &#8211; sada 5ks &#8211; barevn\u00e9<\/td><td>ks<\/td><td>42,00<\/td><\/tr><tr><td><\/td><td><\/td><td><\/td><td><\/td><\/tr><tr><td>400552<\/td><td>Podlo\u017eka modelovac\u00ed A4<\/td><td>ks<\/td><td>15,90<\/td><\/tr><tr><td><\/td><td><\/td><td><\/td><td><\/td><\/tr><tr><td>400553<\/td><td>Podlo\u017eka modelovac\u00ed A3<\/td><td>ks<\/td><td>28,70<\/td><\/tr><tr><td><\/td><td><\/td><td><\/td><td><\/td><\/tr><tr><td>407001<\/td><td>\u0160t\u011btec kulat\u00fd &#8211; sada 4-6-10<\/td><td>ks<\/td><td>29,00<\/td><\/tr><tr><td><\/td><td><\/td><td><\/td><td><\/td><\/tr><tr><td>407005<\/td><td>\u0160t\u011btec ploch\u00fd &#8211; sada 4-8-12<\/td><td>ks<\/td><td>26,00<\/td><\/tr><tr><td><\/td><td><\/td><td><\/td><td><\/td><\/tr><tr><td>407050<\/td><td>\u0160t\u011btec ploch\u00fd \u010d. 2<\/td><td>ks<\/td><td>5,70<\/td><\/tr><tr><td><\/td><td><\/td><td><\/td><td><\/td><\/tr><tr><td>407051<\/td><td>\u0160t\u011btec ploch\u00fd \u010d. 4<\/td><td>ks<\/td><td>6,70<\/td><\/tr><tr><td><\/td><td><\/td><td><\/td><td><\/td><\/tr><tr><td>407052<\/td><td> \u0160t\u011btec ploch\u00fd \u010d. 6<\/td><td>ks<\/td><td>7,70<\/td><\/tr><tr><td><\/td><td><\/td><td><\/td><td><\/td><\/tr><tr><td>407053<\/td><td>\u0160t\u011btec ploch\u00fd \u010d. 8<\/td><td>ks<\/td><td>8,90<\/td><\/tr><tr><td><\/td><td><\/td><td><\/td><td><\/td><\/tr><tr><td>407054<\/td><td>\u0160t\u011btec ploch\u00fd \u010d. 10<\/td><td>ks<\/td><td>9,20<\/td><\/tr><tr><td><\/td><td><\/td><td><\/td><td><\/td><\/tr><tr><td>407055<\/td><td>\u0160t\u011btec ploch\u00fd \u010d. 12<\/td><td>ks<\/td><td>10,70<\/td><\/tr><tr><td><\/td><td><\/td><td><\/td><td><\/td><\/tr><tr><td>407056<\/td><td>\u0160t\u011btec ploch\u00fd \u010d. 14<\/td><td>ks<\/td><td>15,50<\/td><\/tr><tr><td><\/td><td><\/td><td><\/td><td><\/td><\/tr><tr><td>407057<\/td><td>\u0160t\u011btec ploch\u00fd \u010d. 16<\/td><td>ks<\/td><td>18,00<\/td><\/tr><tr><td><\/td><td><\/td><td><\/td><td><\/td><\/tr><tr><td>407070<\/td><td>\u0160t\u011btec kulat\u00fd \u010d. 0<\/td><td>ks<\/td><td>5,50<\/td><\/tr><tr><td><\/td><td><\/td><td><\/td><td><\/td><\/tr><tr><td>407071<\/td><td>\u0160t\u011btec kulat\u00fd \u010d. 1<\/td><td>ks<\/td><td>5,50<\/td><\/tr><tr><td><\/td><td><\/td><td><\/td><td><\/td><\/tr><tr><td>407073<\/td><td>\u0160t\u011btec kulat\u00fd \u010d. 4<\/td><td>ks<\/td><td>6,50<\/td><\/tr><tr><td><\/td><td><\/td><td><\/td><td><\/td><\/tr><tr><td>407074<\/td><td>\u0160t\u011btec kulat\u00fd \u010d. 6<\/td><td>ks<\/td><td>6,50<\/td><\/tr><tr><td><\/td><td><\/td><td><\/td><td><\/td><\/tr><tr><td>407075<\/td><td>\u0160t\u011btec kulat\u00fd \u010d. 8<\/td><td>ks<\/td><td>8,20<\/td><\/tr><tr><td><\/td><td><\/td><td><\/td><td><\/td><\/tr><tr><td>407076<\/td><td>\u0160t\u011btec kulat\u00fd \u010d. 10<\/td><td>ks<\/td><td>9,20<\/td><\/tr><tr><td><\/td><td><\/td><td><\/td><td><\/td><\/tr><tr><td>407077<\/td><td>\u0160t\u011btec kulat\u00fd \u010d. 12<\/td><td>ks<\/td><td>10,70<\/td><\/tr><tr><td><\/td><td><\/td><td><\/td><td><\/td><\/tr><tr><td>407078<\/td><td>\u0160t\u011btec kulat\u00fd \u010d. 14<\/td><td>ks<\/td><td>12,20<\/td><\/tr><tr><td><\/td><td><\/td><td><\/td><td><\/td><\/tr><tr><td>407080<\/td><td>\u0160t\u011btec kulat\u00fd \u010d. 18<\/td><td>ks<\/td><td>18,00<\/td><\/tr><tr><td><\/td><td><\/td><td><\/td><td><\/td><\/tr><tr><td>407081<\/td><td>\u0160t\u011btec kulat\u00fd \u010d. 20<\/td><td>ks<\/td><td>19,00<\/td><\/tr><tr><td><\/td><td><\/td><td><\/td><td><\/td><\/tr><\/tbody><\/table><\/figure>\n","protected":false},"excerpt":{"rendered":"<p>Ozna\u010den\u00ed N\u00e1zev mjp Cena bez DPH 400450 Vodov\u00e9 barvy &#8211; mal\u00e9 ks 54,70 400451 Vodov\u00e9 barvy &#8211; velk\u00e9 ks 73,90<\/p>\n","protected":false},"author":1,"featured_media":0,"parent":278,"menu_order":0,"comment_status":"closed","ping_status":"closed","template":"","meta":{"colormag_page_container_layout":"default_layout","colormag_page_sidebar_layout":"default_layout","footnotes":""},"class_list":["post-320","page","type-page","status-publish","hentry"],"_links":{"self":[{"href":"https:\/\/www.phcentrum.cz\/index.php\/wp-json\/wp\/v2\/pages\/320","targetHints":{"allow":["GET"]}}],"collection":[{"href":"https:\/\/www.phcentrum.cz\/index.php\/wp-json\/wp\/v2\/pages"}],"about":[{"href":"https:\/\/www.phcentrum.cz\/index.php\/wp-json\/wp\/v2\/types\/page"}],"author":[{"embeddable":true,"href":"https:\/\/www.phcentrum.cz\/index.php\/wp-json\/wp\/v2\/users\/1"}],"replies":[{"embeddable":true,"href":"https:\/\/www.phcentrum.cz\/index.php\/wp-json\/wp\/v2\/comments?post=320"}],"version-history":[{"count":31,"href":"https:\/\/www.phcentrum.cz\/index.php\/wp-json\/wp\/v2\/pages\/320\/revisions"}],"predecessor-version":[{"id":36153,"href":"https:\/\/www.phcentrum.cz\/index.php\/wp-json\/wp\/v2\/pages\/320\/revisions\/36153"}],"up":[{"embeddable":true,"href":"https:\/\/www.phcentrum.cz\/index.php\/wp-json\/wp\/v2\/pages\/278"}],"wp:attachment":[{"href":"https:\/\/www.phcentrum.cz\/index.php\/wp-json\/wp\/v2\/media?parent=320"}],"curies":[{"name":"wp","href":"https:\/\/api.w.org\/{rel}","templated":true}]}}