{"id":317,"date":"2018-10-20T18:30:55","date_gmt":"2018-10-20T18:30:55","guid":{"rendered":"http:\/\/www.phcentrum.cz\/?page_id=317"},"modified":"2025-10-06T15:25:38","modified_gmt":"2025-10-06T15:25:38","slug":"pera-tuzky-pastelky-kridy-naplne-a-tuhy","status":"publish","type":"page","link":"https:\/\/www.phcentrum.cz\/index.php\/cenik\/pera-tuzky-pastelky-kridy-naplne-a-tuhy\/","title":{"rendered":"Pera, tu\u017eky, pastelky, k\u0159\u00eddy, n\u00e1pln\u011b a tuhy"},"content":{"rendered":"\n<figure class=\"wp-block-table is-style-stripes\"><table><tbody><tr><td><strong>Ozna\u010den\u00ed<\/strong><\/td><td><strong>N\u00e1zev<\/strong><\/td><td><strong>mjp<\/strong><\/td><td><strong>Cena bez DPH<\/strong><\/td><\/tr><tr><td>400003<\/td><td>Pero kuli\u010dkov\u00e9 &#8211; mix druh\u016f<\/td><td>ks<\/td><td>6,80<\/td><\/tr><tr><td><\/td><td><\/td><td><\/td><td><\/td><\/tr><tr><td>400004<\/td><td>Pero kuli\u010dkov\u00e9 FRUITY<\/td><td>ks<\/td><td>9,00<\/td><\/tr><tr><td><\/td><td><\/td><td><\/td><td><\/td><\/tr><tr><td>400007<\/td><td>Pero kuli\u010dkov\u00e9 &#8211; \u0159et\u00edzek<\/td><td>ks<\/td><td>23,00<\/td><\/tr><tr><td><\/td><td><\/td><td><\/td><td><\/td><\/tr><tr><td>400014<\/td><td>Sada kuli\u010dkov\u00e9 pero + miktotu\u017eka<\/td><td>ks<\/td><td>115,00<\/td><\/tr><tr><td><\/td><td><\/td><td><\/td><td><\/td><\/tr><tr><td>400023<\/td><td>Gelov\u00e9 pero &#8211; jednor\u00e1zovka<\/td><td>ks<\/td><td>9,70<\/td><\/tr><tr><td><\/td><td><\/td><td><\/td><td><\/td><\/tr><tr><td>400025<\/td><td>Gelov\u00e9 pero<\/td><td>ks<\/td><td>18,80<\/td><\/tr><tr><td><\/td><td><\/td><td><\/td><td><\/td><\/tr><tr><td>400030<\/td><td>Pero bombi\u010dkov\u00e9 2165 Hornet<\/td><td>ks<\/td><td>26,00<\/td><\/tr><tr><td><\/td><td><\/td><td><\/td><td><\/td><\/tr><tr><td>400032<\/td><td>Pero kuli\u010dkov\u00e9 &#8211; jednor\u00e1zov\u00e9<\/td><td>ks<\/td><td>4,30<\/td><\/tr><tr><td><\/td><td><\/td><td><\/td><td><\/td><\/tr><tr><td>400038<\/td><td>Pero gumovac\u00ed Colorino<\/td><td>ks<\/td><td>26,00<\/td><\/tr><tr><td><\/td><td><\/td><td><\/td><td><\/td><\/tr><tr><td>400040<\/td><td>Pero kuli\u010dkov\u00e9 And\u011bl<\/td><td>ks<\/td><td>19,00<\/td><\/tr><tr><td><\/td><td><\/td><td><\/td><td><\/td><\/tr><tr><td>400045<\/td><td>Pero kuli\u010dkov\u00e9 Solidly<\/td><td>ks<\/td><td>12,00<\/td><\/tr><tr><td><\/td><td><\/td><td><\/td><td><\/td><\/tr><tr><td>400046<\/td><td>Pero kuli\u010dkov\u00e9 Panther<\/td><td>ks<\/td><td>17,00<\/td><\/tr><tr><td><\/td><td><\/td><td><\/td><td><\/td><\/tr><tr><td>400100<\/td><td>N\u00e1pl\u0148 4444 \u010d\u00edna<\/td><td>ks<\/td><td>2,80<\/td><\/tr><tr><td><\/td><td><\/td><td><\/td><td><\/td><\/tr><tr><td>400103<\/td><td>N\u00e1pl\u0148 4441 vrtule<\/td><td>ks<\/td><td>3,50<\/td><\/tr><tr><td><\/td><td><\/td><td><\/td><td><\/td><\/tr><tr><td>400104<\/td><td>N\u00e1pl\u0148 F-411<\/td><td>ks<\/td><td>3,40<\/td><\/tr><tr><td><\/td><td><\/td><td><\/td><td><\/td><\/tr><tr><td>400108<\/td><td>N\u00e1pl\u0148 SO289 Easy ink jehli\u010dka<\/td><td>ks<\/td><td>3,50<\/td><\/tr><tr><td><\/td><td><\/td><td><\/td><td><\/td><\/tr><tr><td>400109<\/td><td>N\u00e1pl\u0148 Spoko S0297 &#8211; Easy ink.<\/td><td>ks<\/td><td>3,70<\/td><\/tr><tr><td><\/td><td><\/td><td><\/td><td><\/td><\/tr><tr><td>400119<\/td><td>N\u00e1pl\u0148 Pilot 0,7 \/ 3ks<\/td><td>ks<\/td><td>115,00<\/td><\/tr><tr><td><\/td><td><\/td><td><\/td><td><\/td><\/tr><tr><td>400122<\/td><td>N\u00e1pl\u0148 gelov\u00e1 0,5 DONAU<\/td><td>ks<\/td><td>10,90<\/td><\/tr><tr><td><\/td><td><\/td><td><\/td><td><\/td><\/tr><tr><td>400123<\/td><td>N\u00e1pl\u0148 Spoko gelov\u00e1 S0122<\/td><td>ks<\/td><td>12,90<\/td><\/tr><tr><td><\/td><td><\/td><td><\/td><td><\/td><\/tr><tr><td>400128<\/td><td>N\u00e1pl\u0148 Pilot 0,5 tenk\u00e1 \/3x<\/td><td>ks<\/td><td>106,00<\/td><\/tr><tr><td><\/td><td><\/td><td><\/td><td><\/td><\/tr><tr><td>400129<\/td><td>N\u00e1pl\u0148 Pilot 0,5 \/ 3ks<\/td><td>ks<\/td><td>115,00<\/td><\/tr><tr><td><\/td><td><\/td><td><\/td><td><\/td><\/tr><tr><td>400138<\/td><td>N\u00e1pl\u0148 Colorino &#8211; gumovac\u00ed pero<\/td><td>ks<\/td><td>13,90<\/td><\/tr><tr><td><\/td><td><\/td><td><\/td><td><\/td><\/tr><tr><td>400300<\/td><td>Tu\u017eka \u010d.1 (2B)<\/td><td>ks<\/td><td>2,70<\/td><\/tr><tr><td><\/td><td><\/td><td><\/td><td><\/td><\/tr><tr><td>400304<\/td><td>Tu\u017eka \u010d.2 (HB)<\/td><td>ks<\/td><td>2,70<\/td><\/tr><tr><td><\/td><td><\/td><td><\/td><td><\/td><\/tr><tr><td>400305<\/td><td>Tu\u017eka \u010d.2 (HB) s gumou<\/td><td>ks<\/td><td>2,90<\/td><\/tr><tr><td><\/td><td><\/td><td><\/td><td><\/td><\/tr><tr><td>400306<\/td><td>Tu\u017eka \u010d.2 (HB) JUMBO<\/td><td>ks<\/td><td>5,00<\/td><\/tr><tr><td><\/td><td><\/td><td><\/td><td><\/td><\/tr><tr><td>400308<\/td><td>Tu\u017eka \u010d.3 (H)<\/td><td>ks<\/td><td>2,70<\/td><\/tr><tr><td><\/td><td><\/td><td><\/td><td><\/td><\/tr><tr><td>400309<\/td><td>Tu\u017eka \u010d.4<\/td><td>ks<\/td><td>5,20<\/td><\/tr><tr><td><\/td><td><\/td><td><\/td><td><\/td><\/tr><tr><td>400311<\/td><td>Tu\u017eka HB motiv<\/td><td>ks<\/td><td>4,70<\/td><\/tr><tr><td><\/td><td><\/td><td><\/td><td><\/td><\/tr><tr><td>400312<\/td><td>Tu\u017eka \u010derveno-modr\u00e1<\/td><td>ks<\/td><td>7,60<\/td><\/tr><tr><td><\/td><td><\/td><td><\/td><td><\/td><\/tr><tr><td>400317<\/td><td>Tu\u017eka HB s gumou &#8211; n\u00e1sobilka<\/td><td>ks<\/td><td>5,90<\/td><\/tr><tr><td><\/td><td><\/td><td><\/td><td><\/td><\/tr><tr><td>400318<\/td><td>Tu\u017eka trojbok\u00e1 &#8211; Duha<\/td><td>ks<\/td><td>7,10<\/td><\/tr><tr><td><\/td><td><\/td><td><\/td><td><\/td><\/tr><tr><td>400319<\/td><td>Tu\u017eka Keyroad Jumbo H13<\/td><td>ks<\/td><td>8,90<\/td><\/tr><tr><td><\/td><td><\/td><td><\/td><td><\/td><\/tr><tr><td>400320<\/td><td>Tu\u017eka Colorino trojbok\u00e1<\/td><td>ks<\/td><td>4,70<\/td><\/tr><tr><td><\/td><td><\/td><td><\/td><td><\/td><\/tr><tr><td>400322<\/td><td>Tu\u017eka 3260 sklo,plast,kov<\/td><td>ks<\/td><td>17,00<\/td><\/tr><tr><td><\/td><td><\/td><td><\/td><td><\/td><\/tr><tr><td>400325<\/td><td>Tu\u017eka inkoustov\u00e1 1561<\/td><td>ks<\/td><td>5,50<\/td><\/tr><tr><td><\/td><td><\/td><td><\/td><td><\/td><\/tr><tr><td>400361<\/td><td>Tu\u017eka automatick\u00e1 0,5<\/td><td>ks<\/td><td>13,50<\/td><\/tr><tr><td><\/td><td><\/td><td><\/td><td><\/td><\/tr><tr><td>400390<\/td><td>Sada &#8211; n\u00e1sadka + 2 redispera<\/td><td>ks<\/td><td>59,7<\/td><\/tr><tr><td><\/td><td><\/td><td><\/td><td><\/td><\/tr><tr><td>400403<\/td><td>Tuha 4872 do kru\u017e\u00edtka<\/td><td>ks<\/td><td>10,80<\/td><\/tr><tr><td><\/td><td><\/td><td><\/td><td><\/td><\/tr><tr><td>400410<\/td><td>Tuha do pentelky 0,5 B<\/td><td>bal<\/td><td>10,90<\/td><\/tr><tr><td><\/td><td><\/td><td><\/td><td><\/td><\/tr><tr><td>400411<\/td><td>Tuha do pentelky 0,5 HB<\/td><td>ks<\/td><td>10,90<\/td><\/tr><tr><td><\/td><td><\/td><td><\/td><td><\/td><\/tr><tr><td>400412<\/td><td>Tuha do pentelky 0,5 F<\/td><td>ks<\/td><td>7,90<\/td><\/tr><tr><td><\/td><td><\/td><td><\/td><td><\/td><\/tr><tr><td>400413<\/td><td>Tuha do pentelky 0,5 2B<\/td><td>bal<\/td><td>10,90<\/td><\/tr><tr><td><\/td><td><\/td><td><\/td><td><\/td><\/tr><tr><td>400414<\/td><td>Tuha do pentelky 0,5 H<\/td><td>ks<\/td><td>8,90<\/td><\/tr><tr><td><\/td><td><\/td><td><\/td><td><\/td><\/tr><tr><td>400421<\/td><td>Tuha do pentelky 0,7<\/td><td>bal<\/td><td>15,00<\/td><\/tr><tr><td><\/td><td><\/td><td><\/td><td><\/td><\/tr><tr><td>400424<\/td><td>Pastelky trojb.oboustr. 24ks\/48barev<\/td><td>ks<\/td><td>118,00<\/td><\/tr><tr><td><\/td><td><\/td><td><\/td><td><\/td><\/tr><tr><td>400425<\/td><td>Pastelky JUMBO trobok\u00e9 12+2 barvy<\/td><td>ks<\/td><td>85,00<\/td><\/tr><tr><td><\/td><td><\/td><td><\/td><td><\/td><\/tr><tr><td>400426<\/td><td>Pastelky Centropen trojbok\u00e9 18 barev<\/td><td>ks<\/td><td>58,00<\/td><\/tr><tr><td><\/td><td><\/td><td><\/td><td><\/td><\/tr><tr><td>400429<\/td><td>Pastelky Colorino 12 barev motiv<\/td><td>ks<\/td><td>48,00<\/td><\/tr><tr><td><\/td><td><\/td><td><\/td><td><\/td><\/tr><tr><td>400430<\/td><td>Pastelky JUMBO sada 6 kus\u016f<\/td><td>ks<\/td><td>35,00<\/td><\/tr><tr><td><\/td><td><\/td><td><\/td><td><\/td><\/tr><tr><td>400431<\/td><td>Pastelky sada 12 kus\u016f<\/td><td>sada<\/td><td>29,80<\/td><\/tr><tr><td><\/td><td><\/td><td><\/td><td><\/td><\/tr><tr><td>400432<\/td><td>Pastelky oboustrann\u00e9 12ks \/24 barev<\/td><td>ks<\/td><td>74,00<\/td><\/tr><tr><td><\/td><td><\/td><td><\/td><td><\/td><\/tr><tr><td>400433<\/td><td>Pastelky voskov\u00e9 8234 24ks<\/td><td>ks<\/td><td>45,80<\/td><\/tr><tr><td><\/td><td><\/td><td><\/td><td><\/td><\/tr><tr><td>400435<\/td><td>Pastelky trojhrann\u00e9 6ks<\/td><td>ks<\/td><td>16,90<\/td><\/tr><tr><td><\/td><td><\/td><td><\/td><td><\/td><\/tr><tr><td>400437<\/td><td>Pastelky voskov\u00e9 8232 12ks<\/td><td>ks<\/td><td>17,80<\/td><\/tr><tr><td><\/td><td><\/td><td><\/td><td><\/td><\/tr><tr><td>400441<\/td><td>Pastelky trojhrann\u00e9&nbsp; 24 ks<\/td><td>ks<\/td><td>74,00<\/td><\/tr><tr><td><\/td><td><\/td><td><\/td><td><\/td><\/tr><tr><td>400442<\/td><td>Pastelky voskov\u00e9 48 barev<\/td><td>ks<\/td><td>69,90<\/td><\/tr><tr><td><\/td><td><\/td><td><\/td><td><\/td><\/tr><tr><td>400443<\/td><td>Pastelky Colorino 12barev<\/td><td>ks<\/td><td>38,00<\/td><\/tr><tr><td><\/td><td><\/td><td><\/td><td><\/td><\/tr><tr><td>400444<\/td><td>Pastelky oboustrann\u00e9 12ks\/24 barev pastelov\u00e9<\/td><td>ks<\/td><td>76,00<\/td><\/tr><tr><td><\/td><td><\/td><td><\/td><td><\/td><\/tr><tr><td>400446<\/td><td>Pastelky JUMBO trojbok\u00e9 18+2b.<\/td><td>ks<\/td><td>123,00<\/td><\/tr><tr><td><\/td><td><\/td><td><\/td><td><\/td><\/tr><tr><td>400448<\/td><td>Pastelky aquarelov\u00e9 12 barev<\/td><td>ks<\/td><td>52,80<\/td><\/tr><tr><td><\/td><td><\/td><td><\/td><td><\/td><\/tr><tr><td>400465<\/td><td>Hodiny \u0161koln\u00ed<\/td><td>ks<\/td><td>27,70<\/td><\/tr><tr><td><\/td><td><\/td><td><\/td><td><\/td><\/tr><tr><td>400469<\/td><td>Barvy metalick\u00e9 \/6x<\/td><td>ks<\/td><td>77,00<\/td><\/tr><tr><td><\/td><td><\/td><td><\/td><td><\/td><\/tr><tr><td>400477<\/td><td>Pastelky voskov\u00e9 8272 siln\u00e9 12 barev<\/td><td>ks<\/td><td>39,70<\/td><\/tr><tr><td><\/td><td><\/td><td><\/td><td><\/td><\/tr><tr><td>400500<\/td><td>Houba na tabuli<\/td><td>ks<\/td><td>25,00<\/td><\/tr><tr><td><\/td><td><\/td><td><\/td><td><\/td><\/tr><tr><td>400501<\/td><td>K\u0159\u00edda \u0161koln\u00ed 100 ks b\u00edl\u00e1<\/td><td>bal.<\/td><td>123,90<\/td><\/tr><tr><td><\/td><td><\/td><td><\/td><td><\/td><\/tr><tr><td>400502<\/td><td>K\u0159\u00edda barevn\u00e1 sada 12ks<\/td><td>sada<\/td><td>49,00<\/td><\/tr><tr><td><\/td><td><\/td><td><\/td><td><\/td><\/tr><tr><td>400503<\/td><td>K\u0159\u00edda barevn\u00e1 sada 6 ks<\/td><td>sada<\/td><td>37,90<\/td><\/tr><tr><td><\/td><td><\/td><td><\/td><td><\/td><\/tr><tr><td>400506<\/td><td>K\u0159\u00edda chodn\u00edkov\u00e1<\/td><td>ks<\/td><td>63,00<\/td><\/tr><tr><td><\/td><td><\/td><td><\/td><td><\/td><\/tr><tr><td>400507<\/td><td>K\u0159\u00edda \u0161koln\u00ed b\u00edl\u00e1&nbsp; \/6ks<\/td><td>ks<\/td><td>27,90<\/td><\/tr><tr><td><\/td><td><\/td><td><\/td><td><\/td><\/tr><tr><td>400521<\/td><td>Uhel Toison Dor 8512\/12ks<\/td><td>ks<\/td><td>129,90<\/td><\/tr><tr><td><\/td><td><\/td><td><\/td><td><\/td><\/tr><tr><td>400522<\/td><td>Uhel Toison Dor 8511\/6ks<\/td><td>ks<\/td><td>64,90<\/td><\/tr><tr><td><\/td><td><\/td><td><\/td><td><\/td><\/tr><tr><td>400523<\/td><td>K\u0159\u00edda chodn\u00edkov\u00e1 Colorino \/6<\/td><td>ks<\/td><td>25,00<\/td><\/tr><tr><td><\/td><td><\/td><td><\/td><td><\/td><\/tr><tr><td>400524<\/td><td>K\u0159\u00edda chodn\u00edkov\u00e1 neon<\/td><td>ks<\/td><td>35,00<\/td><\/tr><tr><td><\/td><td><\/td><td><\/td><td><\/td><\/tr><tr><td>400554<\/td><td>Obal na se\u0161ity A5<\/td><td>ks<\/td><td>2,50<\/td><\/tr><tr><td><\/td><td><\/td><td><\/td><td><\/td><\/tr><tr><td>400555<\/td><td>Obal na se\u0161ity A4<\/td><td>ks<\/td><td>4,70<\/td><\/tr><tr><td><\/td><td><\/td><td><\/td><td><\/td><\/tr><tr><td>400556<\/td><td>Obal na se\u0161ity A6<\/td><td>ks<\/td><td>2,00<\/td><\/tr><tr><td><\/td><td><\/td><td><\/td><td><\/td><\/tr><tr><td>400557<\/td><td>Desky na \u010d\u00edslice II.<\/td><td>ks<\/td><td>40,00<\/td><\/tr><tr><td><\/td><td><\/td><td><\/td><td><\/td><\/tr><tr><td>400559<\/td><td>Box A4 s gumou<\/td><td>ks<\/td><td>69,80<\/td><\/tr><tr><td><\/td><td><\/td><td><\/td><td><\/td><\/tr><tr><td>400560<\/td><td>Box A5 s gumou<\/td><td>ks<\/td><td>57,70<\/td><\/tr><tr><td><\/td><td><\/td><td><\/td><td><\/td><\/tr><tr><td>400563<\/td><td>Folie samolepic\u00ed 0,4 x 1m<\/td><td>ks<\/td><td>25,00<\/td><\/tr><tr><td><\/td><td><\/td><td><\/td><td><\/td><\/tr><tr><td>400565<\/td><td>Obal univerz\u00e1ln\u00ed &#8211; samolep\u00edc\u00ed<\/td><td>ks<\/td><td>8,00<\/td><\/tr><tr><td><\/td><td><\/td><td><\/td><td><\/td><\/tr><tr><td>400568<\/td><td>Hodiny \u0161koln\u00ed anglick\u00e9<\/td><td>ks<\/td><td>15,00<\/td><\/tr><tr><td><\/td><td><\/td><td><\/td><td><\/td><\/tr><tr><td>400569<\/td><td>Folie na obaly 0,4&#215;1,75m<\/td><td>ks<\/td><td>15,00<\/td><\/tr><tr><td><\/td><td><\/td><td><\/td><td><\/td><\/tr><tr><td>400577<\/td><td>Podlo\u017eka &#8211; lenoch A5<\/td><td>ks<\/td><td>1,30<\/td><\/tr><tr><td><\/td><td><\/td><td><\/td><td><\/td><\/tr><tr><td>400578<\/td><td>Podlo\u017eka &#8211; lenoch A4<\/td><td>ks<\/td><td>2,00<\/td><\/tr><tr><td><\/td><td><\/td><td><\/td><td><\/td><\/tr><\/tbody><\/table><\/figure>\n","protected":false},"excerpt":{"rendered":"<p>Ozna\u010den\u00ed N\u00e1zev mjp Cena bez DPH 400003 Pero kuli\u010dkov\u00e9 &#8211; mix druh\u016f ks 6,80 400004 Pero kuli\u010dkov\u00e9 FRUITY ks 9,00<\/p>\n","protected":false},"author":1,"featured_media":0,"parent":278,"menu_order":0,"comment_status":"closed","ping_status":"closed","template":"","meta":{"colormag_page_container_layout":"default_layout","colormag_page_sidebar_layout":"default_layout","footnotes":""},"class_list":["post-317","page","type-page","status-publish","hentry"],"_links":{"self":[{"href":"https:\/\/www.phcentrum.cz\/index.php\/wp-json\/wp\/v2\/pages\/317","targetHints":{"allow":["GET"]}}],"collection":[{"href":"https:\/\/www.phcentrum.cz\/index.php\/wp-json\/wp\/v2\/pages"}],"about":[{"href":"https:\/\/www.phcentrum.cz\/index.php\/wp-json\/wp\/v2\/types\/page"}],"author":[{"embeddable":true,"href":"https:\/\/www.phcentrum.cz\/index.php\/wp-json\/wp\/v2\/users\/1"}],"replies":[{"embeddable":true,"href":"https:\/\/www.phcentrum.cz\/index.php\/wp-json\/wp\/v2\/comments?post=317"}],"version-history":[{"count":56,"href":"https:\/\/www.phcentrum.cz\/index.php\/wp-json\/wp\/v2\/pages\/317\/revisions"}],"predecessor-version":[{"id":32503,"href":"https:\/\/www.phcentrum.cz\/index.php\/wp-json\/wp\/v2\/pages\/317\/revisions\/32503"}],"up":[{"embeddable":true,"href":"https:\/\/www.phcentrum.cz\/index.php\/wp-json\/wp\/v2\/pages\/278"}],"wp:attachment":[{"href":"https:\/\/www.phcentrum.cz\/index.php\/wp-json\/wp\/v2\/media?parent=317"}],"curies":[{"name":"wp","href":"https:\/\/api.w.org\/{rel}","templated":true}]}}