{"id":308,"date":"2018-10-20T18:20:55","date_gmt":"2018-10-20T18:20:55","guid":{"rendered":"http:\/\/www.phcentrum.cz\/?page_id=308"},"modified":"2023-06-08T14:24:15","modified_gmt":"2023-06-08T14:24:15","slug":"postovni-obalky-a-tasky","status":"publish","type":"page","link":"https:\/\/www.phcentrum.cz\/index.php\/cenik\/postovni-obalky-a-tasky\/","title":{"rendered":"Po\u0161tovn\u00ed ob\u00e1lky a ta\u0161ky"},"content":{"rendered":"\n<figure class=\"wp-block-table is-style-stripes\"><table><tbody><tr><td><strong>Ozna\u010den\u00ed<\/strong><\/td><td><strong>N\u00e1zev<\/strong><\/td><td><strong>mjp<\/strong><\/td><td><strong>Cena bez DPH<\/strong><\/td><td>&nbsp;<\/td><\/tr><tr><td>310122<\/td><td>Ob\u00e1lky C6&nbsp; samolep 50ks<\/td><td>tis<\/td><td>585,00<\/td><td>&nbsp;<\/td><\/tr><tr><td>&nbsp;<\/td><td>&nbsp;<\/td><td>&nbsp;<\/td><td>&nbsp;<\/td><td>&nbsp;<\/td><\/tr><tr><td>310130<\/td><td>Ob\u00e1lky C5&nbsp; samolep <\/td><td>tis<\/td><td>1070,00<\/td><td>&nbsp;<\/td><\/tr><tr><td>&nbsp;<\/td><td>&nbsp;<\/td><td>&nbsp;<\/td><td>&nbsp;<\/td><td>&nbsp;<\/td><\/tr><tr><td>310142<\/td><td>Ob\u00e1lky DL&nbsp; samolep <\/td><td>tis<\/td><td>825,00<\/td><td>&nbsp;<\/td><\/tr><tr><td>&nbsp;<\/td><td>&nbsp;<\/td><td>&nbsp;<\/td><td>&nbsp;<\/td><td>&nbsp;<\/td><\/tr><tr><td>310152<\/td><td>Ob\u00e1lky DLO samolep<\/td><td>tis<\/td><td>825,00<\/td><td>&nbsp;<\/td><\/tr><tr><td>&nbsp;<\/td><td>&nbsp;<\/td><td>&nbsp;<\/td><td>&nbsp;<\/td><td>&nbsp;<\/td><\/tr><tr><td>310221<\/td><td>Obch.ta\u0161ka C4 s kr.p\u00e1skou<\/td><td>tis<\/td><td>2295,00<\/td><td>&nbsp;<\/td><\/tr><tr><td>&nbsp;<\/td><td>&nbsp;<\/td><td>&nbsp;<\/td><td>&nbsp;<\/td><td>&nbsp;<\/td><\/tr><tr><td>310226<\/td><td>Obch.ta\u0161ka B4 s kr.p\u00e1skou<\/td><td>tis<\/td><td>2499,00<\/td><td>&nbsp;<\/td><\/tr><tr><td>&nbsp;<\/td><td>&nbsp;<\/td><td>&nbsp;<\/td><td>&nbsp;<\/td><td>&nbsp;<\/td><\/tr><tr><td>310235<\/td><td>Obch.ta\u0161ka B4xdno sam.<\/td><td>ks<\/td><td>8,50<\/td><td>&nbsp;<\/td><\/tr><tr><td>&nbsp;<\/td><td>&nbsp;<\/td><td>&nbsp;<\/td><td>&nbsp;<\/td><td>&nbsp;<\/td><\/tr><tr><td>310239<\/td><td>Obch.ta\u0161ka B5 Xdno textil<\/td><td>ks<\/td><td>9,00<\/td><td>&nbsp;<\/td><\/tr><tr><td>&nbsp;<\/td><td>&nbsp;<\/td><td>&nbsp;<\/td><td>&nbsp;<\/td><td>&nbsp;<\/td><\/tr><tr><td>310242<\/td><td>Obch.ta\u0161ka B4 Xdno textil &#8211; kryc\u00ed p.<\/td><td>ks<\/td><td>10,40<\/td><td>&nbsp;<\/td><\/tr><tr><td>&nbsp;<\/td><td>&nbsp;<\/td><td>&nbsp;<\/td><td>&nbsp;<\/td><td>&nbsp;<\/td><\/tr><tr><td>311302<\/td><td>Ob\u00e1lky bublina CD\/21 &#8211; 18&#215;16,5cm<\/td><td>ks<\/td><td>3,60<\/td><td>&nbsp;<\/td><\/tr><tr><td>&nbsp;<\/td><td>&nbsp;<\/td><td>&nbsp;<\/td><td>&nbsp;<\/td><td>&nbsp;<\/td><\/tr><tr><td>311304<\/td><td>Ob\u00e1lky bublina D\/14 &#8211; 18x26cm<\/td><td>ks<\/td><td>4,40<\/td><td>&nbsp;<\/td><\/tr><tr><td>&nbsp;<\/td><td>&nbsp;<\/td><td>&nbsp;<\/td><td>&nbsp;<\/td><td>&nbsp;<\/td><\/tr><tr><td>311305<\/td><td>Ob\u00e1lky bublina E\/15 &#8211; 22x26cm<\/td><td>ks<\/td><td>5,20<\/td><td>&nbsp;<\/td><\/tr><tr><td>&nbsp;<\/td><td>&nbsp;<\/td><td>&nbsp;<\/td><td>&nbsp;<\/td><td>&nbsp;<\/td><\/tr><tr><td>311307<\/td><td>Ob\u00e1lky bublina G\/17 &#8211; 23x34cm<\/td><td>ks<\/td><td>6,80<\/td><td>&nbsp;<\/td><\/tr><tr><td>&nbsp;<\/td><td>&nbsp;<\/td><td>&nbsp;<\/td><td>&nbsp;<\/td><td>&nbsp;<\/td><\/tr><\/tbody><\/table><\/figure>\n","protected":false},"excerpt":{"rendered":"<p>Ozna\u010den\u00ed N\u00e1zev mjp Cena bez DPH &nbsp; 310122 Ob\u00e1lky C6&nbsp; samolep 50ks tis 585,00 &nbsp; &nbsp; &nbsp; &nbsp; &nbsp; &nbsp;<\/p>\n","protected":false},"author":1,"featured_media":0,"parent":278,"menu_order":0,"comment_status":"closed","ping_status":"closed","template":"","meta":{"colormag_page_container_layout":"default_layout","colormag_page_sidebar_layout":"default_layout","footnotes":""},"class_list":["post-308","page","type-page","status-publish","hentry"],"_links":{"self":[{"href":"https:\/\/www.phcentrum.cz\/index.php\/wp-json\/wp\/v2\/pages\/308","targetHints":{"allow":["GET"]}}],"collection":[{"href":"https:\/\/www.phcentrum.cz\/index.php\/wp-json\/wp\/v2\/pages"}],"about":[{"href":"https:\/\/www.phcentrum.cz\/index.php\/wp-json\/wp\/v2\/types\/page"}],"author":[{"embeddable":true,"href":"https:\/\/www.phcentrum.cz\/index.php\/wp-json\/wp\/v2\/users\/1"}],"replies":[{"embeddable":true,"href":"https:\/\/www.phcentrum.cz\/index.php\/wp-json\/wp\/v2\/comments?post=308"}],"version-history":[{"count":17,"href":"https:\/\/www.phcentrum.cz\/index.php\/wp-json\/wp\/v2\/pages\/308\/revisions"}],"predecessor-version":[{"id":8893,"href":"https:\/\/www.phcentrum.cz\/index.php\/wp-json\/wp\/v2\/pages\/308\/revisions\/8893"}],"up":[{"embeddable":true,"href":"https:\/\/www.phcentrum.cz\/index.php\/wp-json\/wp\/v2\/pages\/278"}],"wp:attachment":[{"href":"https:\/\/www.phcentrum.cz\/index.php\/wp-json\/wp\/v2\/media?parent=308"}],"curies":[{"name":"wp","href":"https:\/\/api.w.org\/{rel}","templated":true}]}}