{"id":100,"date":"2018-09-24T21:51:33","date_gmt":"2018-09-24T21:51:33","guid":{"rendered":"http:\/\/www.phcentrum.cz\/?page_id=100"},"modified":"2023-11-24T10:20:38","modified_gmt":"2023-11-24T10:20:38","slug":"kontakt","status":"publish","type":"page","link":"https:\/\/www.phcentrum.cz\/index.php\/kontakt\/","title":{"rendered":"Kontakt"},"content":{"rendered":"\n<figure><iframe loading=\"lazy\" src=\"https:\/\/www.google.com\/maps\/embed?pb=!1m18!1m12!1m3!1d1293.3492892489644!2d13.537955996645683!3d49.58457446682069!2m3!1f0!2f0!3f0!3m2!1i1024!2i768!4f13.1!3m3!1m2!1s0x470ae0dcd97de4d9%3A0xf16ace1214bdda7!2sPH%20Centrum%20Blovice%20s.r.o.!5e0!3m2!1scs!2scz!4v1579705014062!5m2!1scs!2scz\" style=\"border:0;\" allowfullscreen=\"\" width=\"800\" height=\"600\" frameborder=\"0\"><\/iframe><\/figure>\n\n\n\n<figure><iframe loading=\"lazy\" src=\"https:\/\/www.google.com\/maps\/embed?pb=!4v1588624919125!6m8!1m7!1scVEOuFDW_-Te6F7_2uybyA!2m2!1d49.58532548284486!2d13.53564304801254!3f140.48937009213466!4f2.296787875345629!5f1.5527917461744236\" allowfullscreen=\"\" width=\"800\" height=\"600\"><\/iframe><\/figure>\n\n\n<div class=\"textwidget\">\n<h3 style=\"text-align: center;\">PH Centrum Blovice s.r.o.<\/h3>\n<h3 style=\"text-align: center;\">Americk\u00e1 54<\/h3>\n<h3 style=\"text-align: center;\">Blovice 336 01<\/h3>\n<h3 style=\"text-align: center;\">I\u010cO: 29078334<\/h3>\n<h3 style=\"text-align: center;\">\u00a0\u00a0\u00a0\u00a0 DI\u010c: CZ29078334<\/h3>\n<h3 class=\"dvc1\" style=\"text-align: center;\">Spisov\u00e1 zna\u010dka C 23541\/KSPL Krajsk\u00fd soud v Plzni<\/h3>\n<h3 style=\"text-align: center;\">tel.: 371 522 921<\/h3>\n<h3 style=\"text-align: center;\">\u00a0\u00a0\u00a0\u00a0\u00a0\u00a0\u00a0 602 466 294<\/h3>\n<h3 style=\"text-align: center;\">\u00a0\u00a0 email: phcentrum@phcentrum.cz<\/h3>\n<\/div>","protected":false},"excerpt":{"rendered":"<p>PH Centrum Blovice s.r.o. Americk\u00e1 54 Blovice 336 01 I\u010cO: 29078334 \u00a0\u00a0\u00a0\u00a0 DI\u010c: CZ29078334 Spisov\u00e1 zna\u010dka C 23541\/KSPL Krajsk\u00fd soud<\/p>\n","protected":false},"author":1,"featured_media":0,"parent":0,"menu_order":0,"comment_status":"closed","ping_status":"closed","template":"","meta":{"colormag_page_container_layout":"default_layout","colormag_page_sidebar_layout":"default_layout","footnotes":""},"class_list":["post-100","page","type-page","status-publish","hentry"],"_links":{"self":[{"href":"https:\/\/www.phcentrum.cz\/index.php\/wp-json\/wp\/v2\/pages\/100","targetHints":{"allow":["GET"]}}],"collection":[{"href":"https:\/\/www.phcentrum.cz\/index.php\/wp-json\/wp\/v2\/pages"}],"about":[{"href":"https:\/\/www.phcentrum.cz\/index.php\/wp-json\/wp\/v2\/types\/page"}],"author":[{"embeddable":true,"href":"https:\/\/www.phcentrum.cz\/index.php\/wp-json\/wp\/v2\/users\/1"}],"replies":[{"embeddable":true,"href":"https:\/\/www.phcentrum.cz\/index.php\/wp-json\/wp\/v2\/comments?post=100"}],"version-history":[{"count":15,"href":"https:\/\/www.phcentrum.cz\/index.php\/wp-json\/wp\/v2\/pages\/100\/revisions"}],"predecessor-version":[{"id":11999,"href":"https:\/\/www.phcentrum.cz\/index.php\/wp-json\/wp\/v2\/pages\/100\/revisions\/11999"}],"wp:attachment":[{"href":"https:\/\/www.phcentrum.cz\/index.php\/wp-json\/wp\/v2\/media?parent=100"}],"curies":[{"name":"wp","href":"https:\/\/api.w.org\/{rel}","templated":true}]}}